{"id":913,"date":"2024-12-04T16:44:28","date_gmt":"2024-12-04T15:44:28","guid":{"rendered":"https:\/\/maurelfreres.com\/?post_type=product&#038;p=913"},"modified":"2025-10-29T10:47:22","modified_gmt":"2025-10-29T09:47:22","slug":"rendez-vous-chardonnay-maurel-freres","status":"publish","type":"product","link":"https:\/\/sjv-maurelfreres.com\/en\/produit\/rendez-vous-chardonnay-maurel-freres\/","title":{"rendered":"Rendez-Vous Chardonnay"},"content":{"rendered":"<p data-start=\"132\" data-end=\"165\">100% Chardonnay<br data-start=\"147\" data-end=\"150\" \/>IGP Pays d\u2019Oc<\/p>\n<p data-start=\"167\" data-end=\"186\">Languedoc, France<\/p>\n<p data-start=\"188\" data-end=\"195\">75 cl<\/p>\n<p data-start=\"197\" data-end=\"445\"><strong data-start=\"197\" data-end=\"220\">Informations en + :<\/strong><br data-start=\"220\" data-end=\"223\" \/>Issu des terroirs ensoleill\u00e9s du Pays d\u2019Oc, ce Chardonnay exprime toute la fra\u00eecheur et l\u2019\u00e9l\u00e9gance m\u00e9diterran\u00e9enne. Vinification traditionnelle en cuve inox afin de pr\u00e9server la puret\u00e9 aromatique et l\u2019\u00e9quilibre du fruit.<\/p>\n","protected":false},"excerpt":{"rendered":"<p>Maurel Fr\u00e8res<\/p>\n<p>2024<\/p>\n<p>IGP Pays d\u2019Oc<\/p>\n","protected":false},"featured_media":1976,"template":"","meta":{"_acf_changed":false,"site-sidebar-layout":"default","site-content-layout":"","ast-site-content-layout":"default","site-content-style":"default","site-sidebar-style":"default","ast-global-header-display":"","ast-banner-title-visibility":"","ast-main-header-display":"","ast-hfb-above-header-display":"","ast-hfb-below-header-display":"","ast-hfb-mobile-header-display":"","site-post-title":"","ast-breadcrumbs-content":"","ast-featured-img":"","footer-sml-layout":"","ast-disable-related-posts":"","theme-transparent-header-meta":"default","adv-header-id-meta":"","stick-header-meta":"","header-above-stick-meta":"","header-main-stick-meta":"","header-below-stick-meta":"","astra-migrate-meta-layouts":"set","ast-page-background-enabled":"default","ast-page-background-meta":{"desktop":{"background-color":"var(--ast-global-color-4)","background-image":"","background-repeat":"repeat","background-position":"center center","background-size":"auto","background-attachment":"scroll","background-type":"","background-media":"","overlay-type":"","overlay-color":"","overlay-opacity":"","overlay-gradient":""},"tablet":{"background-color":"","background-image":"","background-repeat":"repeat","background-position":"center center","background-size":"auto","background-attachment":"scroll","background-type":"","background-media":"","overlay-type":"","overlay-color":"","overlay-opacity":"","overlay-gradient":""},"mobile":{"background-color":"","background-image":"","background-repeat":"repeat","background-position":"center center","background-size":"auto","background-attachment":"scroll","background-type":"","background-media":"","overlay-type":"","overlay-color":"","overlay-opacity":"","overlay-gradient":""}},"ast-content-background-meta":{"desktop":{"background-color":"var(--ast-global-color-5)","background-image":"","background-repeat":"repeat","background-position":"center center","background-size":"auto","background-attachment":"scroll","background-type":"","background-media":"","overlay-type":"","overlay-color":"","overlay-opacity":"","overlay-gradient":""},"tablet":{"background-color":"var(--ast-global-color-5)","background-image":"","background-repeat":"repeat","background-position":"center center","background-size":"auto","background-attachment":"scroll","background-type":"","background-media":"","overlay-type":"","overlay-color":"","overlay-opacity":"","overlay-gradient":""},"mobile":{"background-color":"var(--ast-global-color-5)","background-image":"","background-repeat":"repeat","background-position":"center center","background-size":"auto","background-attachment":"scroll","background-type":"","background-media":"","overlay-type":"","overlay-color":"","overlay-opacity":"","overlay-gradient":""}}},"product_brand":[],"product_cat":[27,31,72,76],"product_tag":[],"class_list":{"0":"post-913","1":"product","2":"type-product","3":"status-publish","4":"has-post-thumbnail","6":"product_cat-vins-maurel-freres","7":"product_cat-vins-rouge","8":"product_cat-72","9":"product_cat-75-cl","10":"pa_millesime-109","11":"pa_millesime-111","12":"pa_region-provence","13":"desktop-align-center","14":"tablet-align-left","15":"mobile-align-left","17":"first","18":"instock","19":"taxable","20":"shipping-taxable","21":"purchasable","22":"product-type-variable"},"acf":[],"yoast_head":"<!-- This site is optimized with the Yoast SEO plugin v27.0 - https:\/\/yoast.com\/product\/yoast-seo-wordpress\/ -->\n<title>Rendez-Vous Chardonnay by Maurel Fr\u00e8res<\/title>\n<meta name=\"description\" content=\"Le Rendez-vous Chardonnay : Un vin blanc du Pays d\u2019Oc \u00e0 la robe dor\u00e9e, aux ar\u00f4mes de fruits exotiques et de fleurs blanches.\" \/>\n<meta name=\"robots\" content=\"index, follow, max-snippet:-1, max-image-preview:large, max-video-preview:-1\" \/>\n<link rel=\"canonical\" href=\"https:\/\/sjv-maurelfreres.com\/en\/produit\/rendez-vous-chardonnay-maurel-freres\/\" \/>\n<meta property=\"og:locale\" content=\"en_US\" \/>\n<meta property=\"og:type\" content=\"article\" \/>\n<meta property=\"og:title\" content=\"Rendez-Vous Chardonnay by Maurel Fr\u00e8res\" \/>\n<meta property=\"og:description\" content=\"Le Rendez-vous Chardonnay : Un vin blanc du Pays d\u2019Oc \u00e0 la robe dor\u00e9e, aux ar\u00f4mes de fruits exotiques et de fleurs blanches.\" \/>\n<meta property=\"og:url\" content=\"https:\/\/sjv-maurelfreres.com\/en\/produit\/rendez-vous-chardonnay-maurel-freres\/\" \/>\n<meta property=\"og:site_name\" content=\"SJV MAUREL FR\u00c8RES\" \/>\n<meta property=\"article:modified_time\" content=\"2025-10-29T09:47:22+00:00\" \/>\n<meta property=\"og:image\" content=\"https:\/\/sjv-maurelfreres.com\/wp-content\/uploads\/2024\/12\/chardonnay-1.png\" \/>\n\t<meta property=\"og:image:width\" content=\"1080\" \/>\n\t<meta property=\"og:image:height\" content=\"1080\" \/>\n\t<meta property=\"og:image:type\" content=\"image\/png\" \/>\n<meta name=\"twitter:card\" content=\"summary_large_image\" \/>\n<meta name=\"twitter:label1\" content=\"Est. reading time\" \/>\n\t<meta name=\"twitter:data1\" content=\"1 minute\" \/>\n<script type=\"application\/ld+json\" class=\"yoast-schema-graph\">{\"@context\":\"https:\/\/schema.org\",\"@graph\":[{\"@type\":\"WebPage\",\"@id\":\"https:\/\/sjv-maurelfreres.com\/en\/produit\/rendez-vous-chardonnay-maurel-freres\/\",\"url\":\"https:\/\/sjv-maurelfreres.com\/en\/produit\/rendez-vous-chardonnay-maurel-freres\/\",\"name\":\"Rendez-Vous Chardonnay by Maurel Fr\u00e8res\",\"isPartOf\":{\"@id\":\"https:\/\/sjv-maurelfreres.com\/en\/#website\"},\"primaryImageOfPage\":{\"@id\":\"https:\/\/sjv-maurelfreres.com\/en\/produit\/rendez-vous-chardonnay-maurel-freres\/#primaryimage\"},\"image\":{\"@id\":\"https:\/\/sjv-maurelfreres.com\/en\/produit\/rendez-vous-chardonnay-maurel-freres\/#primaryimage\"},\"thumbnailUrl\":\"https:\/\/sjv-maurelfreres.com\/wp-content\/uploads\/2024\/12\/chardonnay-1.png\",\"datePublished\":\"2024-12-04T15:44:28+00:00\",\"dateModified\":\"2025-10-29T09:47:22+00:00\",\"description\":\"Le Rendez-vous Chardonnay : Un vin blanc du Pays d\u2019Oc \u00e0 la robe dor\u00e9e, aux ar\u00f4mes de fruits exotiques et de fleurs blanches.\",\"breadcrumb\":{\"@id\":\"https:\/\/sjv-maurelfreres.com\/en\/produit\/rendez-vous-chardonnay-maurel-freres\/#breadcrumb\"},\"inLanguage\":\"en-US\",\"potentialAction\":[{\"@type\":\"ReadAction\",\"target\":[\"https:\/\/sjv-maurelfreres.com\/en\/produit\/rendez-vous-chardonnay-maurel-freres\/\"]}]},{\"@type\":\"ImageObject\",\"inLanguage\":\"en-US\",\"@id\":\"https:\/\/sjv-maurelfreres.com\/en\/produit\/rendez-vous-chardonnay-maurel-freres\/#primaryimage\",\"url\":\"https:\/\/sjv-maurelfreres.com\/wp-content\/uploads\/2024\/12\/chardonnay-1.png\",\"contentUrl\":\"https:\/\/sjv-maurelfreres.com\/wp-content\/uploads\/2024\/12\/chardonnay-1.png\",\"width\":1080,\"height\":1080,\"caption\":\"Rendez-Vous Chardonnay by Maurel Fr\u00e8res\"},{\"@type\":\"BreadcrumbList\",\"@id\":\"https:\/\/sjv-maurelfreres.com\/en\/produit\/rendez-vous-chardonnay-maurel-freres\/#breadcrumb\",\"itemListElement\":[{\"@type\":\"ListItem\",\"position\":1,\"name\":\"Accueil\",\"item\":\"https:\/\/sjv-maurelfreres.com\/en\/home\/\"},{\"@type\":\"ListItem\",\"position\":2,\"name\":\"SHOP\",\"item\":\"https:\/\/sjv-maurelfreres.com\/en\/shop\/\"},{\"@type\":\"ListItem\",\"position\":3,\"name\":\"Rendez-Vous Chardonnay\"}]},{\"@type\":\"WebSite\",\"@id\":\"https:\/\/sjv-maurelfreres.com\/en\/#website\",\"url\":\"https:\/\/sjv-maurelfreres.com\/en\/\",\"name\":\"SJV MAUREL FR\u00c8RES\",\"description\":\"\",\"publisher\":{\"@id\":\"https:\/\/sjv-maurelfreres.com\/en\/#organization\"},\"potentialAction\":[{\"@type\":\"SearchAction\",\"target\":{\"@type\":\"EntryPoint\",\"urlTemplate\":\"https:\/\/sjv-maurelfreres.com\/en\/?s={search_term_string}\"},\"query-input\":{\"@type\":\"PropertyValueSpecification\",\"valueRequired\":true,\"valueName\":\"search_term_string\"}}],\"inLanguage\":\"en-US\"},{\"@type\":\"Organization\",\"@id\":\"https:\/\/sjv-maurelfreres.com\/en\/#organization\",\"name\":\"SJV MAUREL FR\u00c8RES\",\"url\":\"https:\/\/sjv-maurelfreres.com\/en\/\",\"logo\":{\"@type\":\"ImageObject\",\"inLanguage\":\"en-US\",\"@id\":\"https:\/\/sjv-maurelfreres.com\/en\/#\/schema\/logo\/image\/\",\"url\":\"https:\/\/sjv-maurelfreres.com\/wp-content\/uploads\/2024\/10\/2-2.png\",\"contentUrl\":\"https:\/\/sjv-maurelfreres.com\/wp-content\/uploads\/2024\/10\/2-2.png\",\"width\":1350,\"height\":1080,\"caption\":\"SJV MAUREL FR\u00c8RES\"},\"image\":{\"@id\":\"https:\/\/sjv-maurelfreres.com\/en\/#\/schema\/logo\/image\/\"}}]}<\/script>\n<!-- \/ Yoast SEO plugin. -->","yoast_head_json":{"title":"Rendez-Vous Chardonnay by Maurel Fr\u00e8res","description":"Le Rendez-vous Chardonnay : Un vin blanc du Pays d\u2019Oc \u00e0 la robe dor\u00e9e, aux ar\u00f4mes de fruits exotiques et de fleurs blanches.","robots":{"index":"index","follow":"follow","max-snippet":"max-snippet:-1","max-image-preview":"max-image-preview:large","max-video-preview":"max-video-preview:-1"},"canonical":"https:\/\/sjv-maurelfreres.com\/en\/produit\/rendez-vous-chardonnay-maurel-freres\/","og_locale":"en_US","og_type":"article","og_title":"Rendez-Vous Chardonnay by Maurel Fr\u00e8res","og_description":"Le Rendez-vous Chardonnay : Un vin blanc du Pays d\u2019Oc \u00e0 la robe dor\u00e9e, aux ar\u00f4mes de fruits exotiques et de fleurs blanches.","og_url":"https:\/\/sjv-maurelfreres.com\/en\/produit\/rendez-vous-chardonnay-maurel-freres\/","og_site_name":"SJV MAUREL FR\u00c8RES","article_modified_time":"2025-10-29T09:47:22+00:00","og_image":[{"width":1080,"height":1080,"url":"https:\/\/sjv-maurelfreres.com\/wp-content\/uploads\/2024\/12\/chardonnay-1.png","type":"image\/png"}],"twitter_card":"summary_large_image","twitter_misc":{"Est. reading time":"1 minute"},"schema":{"@context":"https:\/\/schema.org","@graph":[{"@type":"WebPage","@id":"https:\/\/sjv-maurelfreres.com\/en\/produit\/rendez-vous-chardonnay-maurel-freres\/","url":"https:\/\/sjv-maurelfreres.com\/en\/produit\/rendez-vous-chardonnay-maurel-freres\/","name":"Rendez-Vous Chardonnay by Maurel Fr\u00e8res","isPartOf":{"@id":"https:\/\/sjv-maurelfreres.com\/en\/#website"},"primaryImageOfPage":{"@id":"https:\/\/sjv-maurelfreres.com\/en\/produit\/rendez-vous-chardonnay-maurel-freres\/#primaryimage"},"image":{"@id":"https:\/\/sjv-maurelfreres.com\/en\/produit\/rendez-vous-chardonnay-maurel-freres\/#primaryimage"},"thumbnailUrl":"https:\/\/sjv-maurelfreres.com\/wp-content\/uploads\/2024\/12\/chardonnay-1.png","datePublished":"2024-12-04T15:44:28+00:00","dateModified":"2025-10-29T09:47:22+00:00","description":"Le Rendez-vous Chardonnay : Un vin blanc du Pays d\u2019Oc \u00e0 la robe dor\u00e9e, aux ar\u00f4mes de fruits exotiques et de fleurs blanches.","breadcrumb":{"@id":"https:\/\/sjv-maurelfreres.com\/en\/produit\/rendez-vous-chardonnay-maurel-freres\/#breadcrumb"},"inLanguage":"en-US","potentialAction":[{"@type":"ReadAction","target":["https:\/\/sjv-maurelfreres.com\/en\/produit\/rendez-vous-chardonnay-maurel-freres\/"]}]},{"@type":"ImageObject","inLanguage":"en-US","@id":"https:\/\/sjv-maurelfreres.com\/en\/produit\/rendez-vous-chardonnay-maurel-freres\/#primaryimage","url":"https:\/\/sjv-maurelfreres.com\/wp-content\/uploads\/2024\/12\/chardonnay-1.png","contentUrl":"https:\/\/sjv-maurelfreres.com\/wp-content\/uploads\/2024\/12\/chardonnay-1.png","width":1080,"height":1080,"caption":"Rendez-Vous Chardonnay by Maurel Fr\u00e8res"},{"@type":"BreadcrumbList","@id":"https:\/\/sjv-maurelfreres.com\/en\/produit\/rendez-vous-chardonnay-maurel-freres\/#breadcrumb","itemListElement":[{"@type":"ListItem","position":1,"name":"Accueil","item":"https:\/\/sjv-maurelfreres.com\/en\/home\/"},{"@type":"ListItem","position":2,"name":"SHOP","item":"https:\/\/sjv-maurelfreres.com\/en\/shop\/"},{"@type":"ListItem","position":3,"name":"Rendez-Vous Chardonnay"}]},{"@type":"WebSite","@id":"https:\/\/sjv-maurelfreres.com\/en\/#website","url":"https:\/\/sjv-maurelfreres.com\/en\/","name":"SJV MAUREL FR\u00c8RES","description":"","publisher":{"@id":"https:\/\/sjv-maurelfreres.com\/en\/#organization"},"potentialAction":[{"@type":"SearchAction","target":{"@type":"EntryPoint","urlTemplate":"https:\/\/sjv-maurelfreres.com\/en\/?s={search_term_string}"},"query-input":{"@type":"PropertyValueSpecification","valueRequired":true,"valueName":"search_term_string"}}],"inLanguage":"en-US"},{"@type":"Organization","@id":"https:\/\/sjv-maurelfreres.com\/en\/#organization","name":"SJV MAUREL FR\u00c8RES","url":"https:\/\/sjv-maurelfreres.com\/en\/","logo":{"@type":"ImageObject","inLanguage":"en-US","@id":"https:\/\/sjv-maurelfreres.com\/en\/#\/schema\/logo\/image\/","url":"https:\/\/sjv-maurelfreres.com\/wp-content\/uploads\/2024\/10\/2-2.png","contentUrl":"https:\/\/sjv-maurelfreres.com\/wp-content\/uploads\/2024\/10\/2-2.png","width":1350,"height":1080,"caption":"SJV MAUREL FR\u00c8RES"},"image":{"@id":"https:\/\/sjv-maurelfreres.com\/en\/#\/schema\/logo\/image\/"}}]}},"_links":{"self":[{"href":"https:\/\/sjv-maurelfreres.com\/en\/wp-json\/wp\/v2\/product\/913","targetHints":{"allow":["GET"]}}],"collection":[{"href":"https:\/\/sjv-maurelfreres.com\/en\/wp-json\/wp\/v2\/product"}],"about":[{"href":"https:\/\/sjv-maurelfreres.com\/en\/wp-json\/wp\/v2\/types\/product"}],"wp:featuredmedia":[{"embeddable":true,"href":"https:\/\/sjv-maurelfreres.com\/en\/wp-json\/wp\/v2\/media\/1976"}],"wp:attachment":[{"href":"https:\/\/sjv-maurelfreres.com\/en\/wp-json\/wp\/v2\/media?parent=913"}],"wp:term":[{"taxonomy":"product_brand","embeddable":true,"href":"https:\/\/sjv-maurelfreres.com\/en\/wp-json\/wp\/v2\/product_brand?post=913"},{"taxonomy":"product_cat","embeddable":true,"href":"https:\/\/sjv-maurelfreres.com\/en\/wp-json\/wp\/v2\/product_cat?post=913"},{"taxonomy":"product_tag","embeddable":true,"href":"https:\/\/sjv-maurelfreres.com\/en\/wp-json\/wp\/v2\/product_tag?post=913"}],"curies":[{"name":"wp","href":"https:\/\/api.w.org\/{rel}","templated":true}]}}