{"id":3026,"date":"2025-10-29T11:39:42","date_gmt":"2025-10-29T10:39:42","guid":{"rendered":"https:\/\/sjv-maurelfreres.com\/?post_type=product&#038;p=3026"},"modified":"2025-11-17T11:05:56","modified_gmt":"2025-11-17T10:05:56","slug":"illi-prosecco-rose","status":"publish","type":"product","link":"https:\/\/sjv-maurelfreres.com\/en\/produit\/illi-prosecco-rose\/","title":{"rendered":"Illi Prosecco Ros\u00e9"},"content":{"rendered":"<p data-start=\"83\" data-end=\"114\"><strong data-start=\"83\" data-end=\"112\">Glera &amp; Pinot Noir<\/strong><\/p>\n<p data-start=\"116\" data-end=\"153\">V\u00e9n\u00e9tie, Italie<\/p>\n<p data-start=\"155\" data-end=\"162\">75 cl<\/p>\n<p data-start=\"164\" data-end=\"491\"><strong data-start=\"164\" data-end=\"187\">Informations en + : <\/strong>\u00c9labor\u00e9 \u00e0 partir d\u2019un assemblage harmonieux de <strong data-start=\"237\" data-end=\"246\">Glera<\/strong> et de <strong data-start=\"253\" data-end=\"267\">Pinot Noir<\/strong>, ce Prosecco Ros\u00e9 est vinifi\u00e9 selon la <strong data-start=\"307\" data-end=\"326\">m\u00e9thode Charmat<\/strong>, garantissant une effervescence fine et r\u00e9guli\u00e8re. La fermentation lente en cuve inox pr\u00e9serve la fra\u00eecheur, la vivacit\u00e9 et les ar\u00f4mes fruit\u00e9s typiques du c\u00e9page.<\/p>\n","protected":false},"excerpt":{"rendered":"<p>Illi<\/p>\n<p>DOC Prosecco Ros\u00e9<\/p>\n","protected":false},"featured_media":3027,"template":"","meta":{"_acf_changed":false,"site-sidebar-layout":"default","site-content-layout":"","ast-site-content-layout":"default","site-content-style":"default","site-sidebar-style":"default","ast-global-header-display":"","ast-banner-title-visibility":"","ast-main-header-display":"","ast-hfb-above-header-display":"","ast-hfb-below-header-display":"","ast-hfb-mobile-header-display":"","site-post-title":"","ast-breadcrumbs-content":"","ast-featured-img":"","footer-sml-layout":"","ast-disable-related-posts":"","theme-transparent-header-meta":"default","adv-header-id-meta":"","stick-header-meta":"","header-above-stick-meta":"","header-main-stick-meta":"","header-below-stick-meta":"","astra-migrate-meta-layouts":"set","ast-page-background-enabled":"default","ast-page-background-meta":{"desktop":{"background-color":"var(--ast-global-color-4)","background-image":"","background-repeat":"repeat","background-position":"center center","background-size":"auto","background-attachment":"scroll","background-type":"","background-media":"","overlay-type":"","overlay-color":"","overlay-opacity":"","overlay-gradient":""},"tablet":{"background-color":"","background-image":"","background-repeat":"repeat","background-position":"center center","background-size":"auto","background-attachment":"scroll","background-type":"","background-media":"","overlay-type":"","overlay-color":"","overlay-opacity":"","overlay-gradient":""},"mobile":{"background-color":"","background-image":"","background-repeat":"repeat","background-position":"center center","background-size":"auto","background-attachment":"scroll","background-type":"","background-media":"","overlay-type":"","overlay-color":"","overlay-opacity":"","overlay-gradient":""}},"ast-content-background-meta":{"desktop":{"background-color":"var(--ast-global-color-5)","background-image":"","background-repeat":"repeat","background-position":"center center","background-size":"auto","background-attachment":"scroll","background-type":"","background-media":"","overlay-type":"","overlay-color":"","overlay-opacity":"","overlay-gradient":""},"tablet":{"background-color":"var(--ast-global-color-5)","background-image":"","background-repeat":"repeat","background-position":"center center","background-size":"auto","background-attachment":"scroll","background-type":"","background-media":"","overlay-type":"","overlay-color":"","overlay-opacity":"","overlay-gradient":""},"mobile":{"background-color":"var(--ast-global-color-5)","background-image":"","background-repeat":"repeat","background-position":"center center","background-size":"auto","background-attachment":"scroll","background-type":"","background-media":"","overlay-type":"","overlay-color":"","overlay-opacity":"","overlay-gradient":""}}},"product_brand":[],"product_cat":[125,139,76],"product_tag":[],"class_list":{"0":"post-3026","1":"product","2":"type-product","3":"status-publish","4":"has-post-thumbnail","6":"product_cat-vins-petillant","7":"product_cat-vin-italien","8":"product_cat-75-cl","9":"desktop-align-center","10":"tablet-align-left","11":"mobile-align-left","13":"first","14":"instock","15":"taxable","16":"shipping-taxable","17":"purchasable","18":"product-type-simple"},"acf":[],"yoast_head":"<!-- This site is optimized with the Yoast SEO plugin v27.0 - https:\/\/yoast.com\/product\/yoast-seo-wordpress\/ -->\n<title>Illi Prosecco Ros\u00e9<\/title>\n<meta name=\"robots\" content=\"index, follow, max-snippet:-1, max-image-preview:large, max-video-preview:-1\" \/>\n<link rel=\"canonical\" href=\"https:\/\/sjv-maurelfreres.com\/en\/produit\/illi-prosecco-rose\/\" \/>\n<meta property=\"og:locale\" content=\"en_US\" \/>\n<meta property=\"og:type\" content=\"article\" \/>\n<meta property=\"og:title\" content=\"Illi Prosecco Ros\u00e9\" \/>\n<meta property=\"og:description\" content=\"Illi  DOC Prosecco Ros\u00e9\" \/>\n<meta property=\"og:url\" content=\"https:\/\/sjv-maurelfreres.com\/en\/produit\/illi-prosecco-rose\/\" \/>\n<meta property=\"og:site_name\" content=\"SJV MAUREL FR\u00c8RES\" \/>\n<meta property=\"article:modified_time\" content=\"2025-11-17T10:05:56+00:00\" \/>\n<meta property=\"og:image\" content=\"https:\/\/sjv-maurelfreres.com\/wp-content\/uploads\/2025\/10\/Illy-prosecco-rose.png\" \/>\n\t<meta property=\"og:image:width\" content=\"1080\" \/>\n\t<meta property=\"og:image:height\" content=\"1080\" \/>\n\t<meta property=\"og:image:type\" content=\"image\/png\" \/>\n<meta name=\"twitter:card\" content=\"summary_large_image\" \/>\n<meta name=\"twitter:label1\" content=\"Est. reading time\" \/>\n\t<meta name=\"twitter:data1\" content=\"1 minute\" \/>\n<script type=\"application\/ld+json\" class=\"yoast-schema-graph\">{\"@context\":\"https:\/\/schema.org\",\"@graph\":[{\"@type\":\"WebPage\",\"@id\":\"https:\/\/sjv-maurelfreres.com\/en\/produit\/illi-prosecco-rose\/\",\"url\":\"https:\/\/sjv-maurelfreres.com\/en\/produit\/illi-prosecco-rose\/\",\"name\":\"Illi Prosecco Ros\u00e9\",\"isPartOf\":{\"@id\":\"https:\/\/sjv-maurelfreres.com\/en\/#website\"},\"primaryImageOfPage\":{\"@id\":\"https:\/\/sjv-maurelfreres.com\/en\/produit\/illi-prosecco-rose\/#primaryimage\"},\"image\":{\"@id\":\"https:\/\/sjv-maurelfreres.com\/en\/produit\/illi-prosecco-rose\/#primaryimage\"},\"thumbnailUrl\":\"https:\/\/sjv-maurelfreres.com\/wp-content\/uploads\/2025\/10\/Illy-prosecco-rose.png\",\"datePublished\":\"2025-10-29T10:39:42+00:00\",\"dateModified\":\"2025-11-17T10:05:56+00:00\",\"breadcrumb\":{\"@id\":\"https:\/\/sjv-maurelfreres.com\/en\/produit\/illi-prosecco-rose\/#breadcrumb\"},\"inLanguage\":\"en-US\",\"potentialAction\":[{\"@type\":\"ReadAction\",\"target\":[\"https:\/\/sjv-maurelfreres.com\/en\/produit\/illi-prosecco-rose\/\"]}]},{\"@type\":\"ImageObject\",\"inLanguage\":\"en-US\",\"@id\":\"https:\/\/sjv-maurelfreres.com\/en\/produit\/illi-prosecco-rose\/#primaryimage\",\"url\":\"https:\/\/sjv-maurelfreres.com\/wp-content\/uploads\/2025\/10\/Illy-prosecco-rose.png\",\"contentUrl\":\"https:\/\/sjv-maurelfreres.com\/wp-content\/uploads\/2025\/10\/Illy-prosecco-rose.png\",\"width\":1080,\"height\":1080},{\"@type\":\"BreadcrumbList\",\"@id\":\"https:\/\/sjv-maurelfreres.com\/en\/produit\/illi-prosecco-rose\/#breadcrumb\",\"itemListElement\":[{\"@type\":\"ListItem\",\"position\":1,\"name\":\"Accueil\",\"item\":\"https:\/\/sjv-maurelfreres.com\/en\/home\/\"},{\"@type\":\"ListItem\",\"position\":2,\"name\":\"SHOP\",\"item\":\"https:\/\/sjv-maurelfreres.com\/en\/shop\/\"},{\"@type\":\"ListItem\",\"position\":3,\"name\":\"Illi Prosecco Ros\u00e9\"}]},{\"@type\":\"WebSite\",\"@id\":\"https:\/\/sjv-maurelfreres.com\/en\/#website\",\"url\":\"https:\/\/sjv-maurelfreres.com\/en\/\",\"name\":\"SJV MAUREL FR\u00c8RES\",\"description\":\"\",\"publisher\":{\"@id\":\"https:\/\/sjv-maurelfreres.com\/en\/#organization\"},\"potentialAction\":[{\"@type\":\"SearchAction\",\"target\":{\"@type\":\"EntryPoint\",\"urlTemplate\":\"https:\/\/sjv-maurelfreres.com\/en\/?s={search_term_string}\"},\"query-input\":{\"@type\":\"PropertyValueSpecification\",\"valueRequired\":true,\"valueName\":\"search_term_string\"}}],\"inLanguage\":\"en-US\"},{\"@type\":\"Organization\",\"@id\":\"https:\/\/sjv-maurelfreres.com\/en\/#organization\",\"name\":\"SJV MAUREL FR\u00c8RES\",\"url\":\"https:\/\/sjv-maurelfreres.com\/en\/\",\"logo\":{\"@type\":\"ImageObject\",\"inLanguage\":\"en-US\",\"@id\":\"https:\/\/sjv-maurelfreres.com\/en\/#\/schema\/logo\/image\/\",\"url\":\"https:\/\/sjv-maurelfreres.com\/wp-content\/uploads\/2024\/10\/2-2.png\",\"contentUrl\":\"https:\/\/sjv-maurelfreres.com\/wp-content\/uploads\/2024\/10\/2-2.png\",\"width\":1350,\"height\":1080,\"caption\":\"SJV MAUREL FR\u00c8RES\"},\"image\":{\"@id\":\"https:\/\/sjv-maurelfreres.com\/en\/#\/schema\/logo\/image\/\"}}]}<\/script>\n<!-- \/ Yoast SEO plugin. -->","yoast_head_json":{"title":"Illi Prosecco Ros\u00e9","robots":{"index":"index","follow":"follow","max-snippet":"max-snippet:-1","max-image-preview":"max-image-preview:large","max-video-preview":"max-video-preview:-1"},"canonical":"https:\/\/sjv-maurelfreres.com\/en\/produit\/illi-prosecco-rose\/","og_locale":"en_US","og_type":"article","og_title":"Illi Prosecco Ros\u00e9","og_description":"Illi  DOC Prosecco Ros\u00e9","og_url":"https:\/\/sjv-maurelfreres.com\/en\/produit\/illi-prosecco-rose\/","og_site_name":"SJV MAUREL FR\u00c8RES","article_modified_time":"2025-11-17T10:05:56+00:00","og_image":[{"width":1080,"height":1080,"url":"https:\/\/sjv-maurelfreres.com\/wp-content\/uploads\/2025\/10\/Illy-prosecco-rose.png","type":"image\/png"}],"twitter_card":"summary_large_image","twitter_misc":{"Est. reading time":"1 minute"},"schema":{"@context":"https:\/\/schema.org","@graph":[{"@type":"WebPage","@id":"https:\/\/sjv-maurelfreres.com\/en\/produit\/illi-prosecco-rose\/","url":"https:\/\/sjv-maurelfreres.com\/en\/produit\/illi-prosecco-rose\/","name":"Illi Prosecco Ros\u00e9","isPartOf":{"@id":"https:\/\/sjv-maurelfreres.com\/en\/#website"},"primaryImageOfPage":{"@id":"https:\/\/sjv-maurelfreres.com\/en\/produit\/illi-prosecco-rose\/#primaryimage"},"image":{"@id":"https:\/\/sjv-maurelfreres.com\/en\/produit\/illi-prosecco-rose\/#primaryimage"},"thumbnailUrl":"https:\/\/sjv-maurelfreres.com\/wp-content\/uploads\/2025\/10\/Illy-prosecco-rose.png","datePublished":"2025-10-29T10:39:42+00:00","dateModified":"2025-11-17T10:05:56+00:00","breadcrumb":{"@id":"https:\/\/sjv-maurelfreres.com\/en\/produit\/illi-prosecco-rose\/#breadcrumb"},"inLanguage":"en-US","potentialAction":[{"@type":"ReadAction","target":["https:\/\/sjv-maurelfreres.com\/en\/produit\/illi-prosecco-rose\/"]}]},{"@type":"ImageObject","inLanguage":"en-US","@id":"https:\/\/sjv-maurelfreres.com\/en\/produit\/illi-prosecco-rose\/#primaryimage","url":"https:\/\/sjv-maurelfreres.com\/wp-content\/uploads\/2025\/10\/Illy-prosecco-rose.png","contentUrl":"https:\/\/sjv-maurelfreres.com\/wp-content\/uploads\/2025\/10\/Illy-prosecco-rose.png","width":1080,"height":1080},{"@type":"BreadcrumbList","@id":"https:\/\/sjv-maurelfreres.com\/en\/produit\/illi-prosecco-rose\/#breadcrumb","itemListElement":[{"@type":"ListItem","position":1,"name":"Accueil","item":"https:\/\/sjv-maurelfreres.com\/en\/home\/"},{"@type":"ListItem","position":2,"name":"SHOP","item":"https:\/\/sjv-maurelfreres.com\/en\/shop\/"},{"@type":"ListItem","position":3,"name":"Illi Prosecco Ros\u00e9"}]},{"@type":"WebSite","@id":"https:\/\/sjv-maurelfreres.com\/en\/#website","url":"https:\/\/sjv-maurelfreres.com\/en\/","name":"SJV MAUREL FR\u00c8RES","description":"","publisher":{"@id":"https:\/\/sjv-maurelfreres.com\/en\/#organization"},"potentialAction":[{"@type":"SearchAction","target":{"@type":"EntryPoint","urlTemplate":"https:\/\/sjv-maurelfreres.com\/en\/?s={search_term_string}"},"query-input":{"@type":"PropertyValueSpecification","valueRequired":true,"valueName":"search_term_string"}}],"inLanguage":"en-US"},{"@type":"Organization","@id":"https:\/\/sjv-maurelfreres.com\/en\/#organization","name":"SJV MAUREL FR\u00c8RES","url":"https:\/\/sjv-maurelfreres.com\/en\/","logo":{"@type":"ImageObject","inLanguage":"en-US","@id":"https:\/\/sjv-maurelfreres.com\/en\/#\/schema\/logo\/image\/","url":"https:\/\/sjv-maurelfreres.com\/wp-content\/uploads\/2024\/10\/2-2.png","contentUrl":"https:\/\/sjv-maurelfreres.com\/wp-content\/uploads\/2024\/10\/2-2.png","width":1350,"height":1080,"caption":"SJV MAUREL FR\u00c8RES"},"image":{"@id":"https:\/\/sjv-maurelfreres.com\/en\/#\/schema\/logo\/image\/"}}]}},"_links":{"self":[{"href":"https:\/\/sjv-maurelfreres.com\/en\/wp-json\/wp\/v2\/product\/3026","targetHints":{"allow":["GET"]}}],"collection":[{"href":"https:\/\/sjv-maurelfreres.com\/en\/wp-json\/wp\/v2\/product"}],"about":[{"href":"https:\/\/sjv-maurelfreres.com\/en\/wp-json\/wp\/v2\/types\/product"}],"wp:featuredmedia":[{"embeddable":true,"href":"https:\/\/sjv-maurelfreres.com\/en\/wp-json\/wp\/v2\/media\/3027"}],"wp:attachment":[{"href":"https:\/\/sjv-maurelfreres.com\/en\/wp-json\/wp\/v2\/media?parent=3026"}],"wp:term":[{"taxonomy":"product_brand","embeddable":true,"href":"https:\/\/sjv-maurelfreres.com\/en\/wp-json\/wp\/v2\/product_brand?post=3026"},{"taxonomy":"product_cat","embeddable":true,"href":"https:\/\/sjv-maurelfreres.com\/en\/wp-json\/wp\/v2\/product_cat?post=3026"},{"taxonomy":"product_tag","embeddable":true,"href":"https:\/\/sjv-maurelfreres.com\/en\/wp-json\/wp\/v2\/product_tag?post=3026"}],"curies":[{"name":"wp","href":"https:\/\/api.w.org\/{rel}","templated":true}]}}