{"id":1435,"date":"2025-01-15T15:34:51","date_gmt":"2025-01-15T14:34:51","guid":{"rendered":"https:\/\/maurelfreres.com\/?post_type=product&#038;p=1435"},"modified":"2025-11-19T09:35:08","modified_gmt":"2025-11-19T08:35:08","slug":"hydromel-litchi-bulles-de-ruche","status":"publish","type":"product","link":"https:\/\/sjv-maurelfreres.com\/en\/produit\/hydromel-litchi-bulles-de-ruche\/","title":{"rendered":"Hydromel Litchi"},"content":{"rendered":"<p>Cuv\u00e9e 100% naturelle, p\u00e9tillante et l\u00e9g\u00e8re<br \/>\n(4,5%), sans ar\u00f4mes artificiels<\/p>\n<p><strong>Information en + :\u00a0<\/strong>Cette cuv\u00e9e 100% naturelle, l\u00e9g\u00e8re et p\u00e9tillante, est \u00e9labor\u00e9e sans ar\u00f4mes artificiels. Elle est produite \u00e0 partir d\u2019un <strong data-start=\"309\" data-end=\"341\">miel de lavande IGP Provence<\/strong>, r\u00e9colt\u00e9 sur le plateau de Valensole par les apiculteurs de la Maison proven\u00e7ale <strong data-start=\"423\" data-end=\"439\">Miel Martine<\/strong>, offrant une base d\u2019une grande puret\u00e9 aromatique.<\/p>\n<p>33 &amp; 75 cl<\/p>\n","protected":false},"excerpt":{"rendered":"<p>Bulles de Ruche<\/p>\n<p>&nbsp;<\/p>\n","protected":false},"featured_media":1498,"template":"","meta":{"_acf_changed":false,"site-sidebar-layout":"default","site-content-layout":"","ast-site-content-layout":"default","site-content-style":"default","site-sidebar-style":"default","ast-global-header-display":"","ast-banner-title-visibility":"","ast-main-header-display":"","ast-hfb-above-header-display":"","ast-hfb-below-header-display":"","ast-hfb-mobile-header-display":"","site-post-title":"","ast-breadcrumbs-content":"","ast-featured-img":"","footer-sml-layout":"","ast-disable-related-posts":"","theme-transparent-header-meta":"default","adv-header-id-meta":"","stick-header-meta":"","header-above-stick-meta":"","header-main-stick-meta":"","header-below-stick-meta":"","astra-migrate-meta-layouts":"set","ast-page-background-enabled":"default","ast-page-background-meta":{"desktop":{"background-color":"var(--ast-global-color-4)","background-image":"","background-repeat":"repeat","background-position":"center center","background-size":"auto","background-attachment":"scroll","background-type":"","background-media":"","overlay-type":"","overlay-color":"","overlay-opacity":"","overlay-gradient":""},"tablet":{"background-color":"","background-image":"","background-repeat":"repeat","background-position":"center center","background-size":"auto","background-attachment":"scroll","background-type":"","background-media":"","overlay-type":"","overlay-color":"","overlay-opacity":"","overlay-gradient":""},"mobile":{"background-color":"","background-image":"","background-repeat":"repeat","background-position":"center center","background-size":"auto","background-attachment":"scroll","background-type":"","background-media":"","overlay-type":"","overlay-color":"","overlay-opacity":"","overlay-gradient":""}},"ast-content-background-meta":{"desktop":{"background-color":"var(--ast-global-color-5)","background-image":"","background-repeat":"repeat","background-position":"center center","background-size":"auto","background-attachment":"scroll","background-type":"","background-media":"","overlay-type":"","overlay-color":"","overlay-opacity":"","overlay-gradient":""},"tablet":{"background-color":"var(--ast-global-color-5)","background-image":"","background-repeat":"repeat","background-position":"center center","background-size":"auto","background-attachment":"scroll","background-type":"","background-media":"","overlay-type":"","overlay-color":"","overlay-opacity":"","overlay-gradient":""},"mobile":{"background-color":"var(--ast-global-color-5)","background-image":"","background-repeat":"repeat","background-position":"center center","background-size":"auto","background-attachment":"scroll","background-type":"","background-media":"","overlay-type":"","overlay-color":"","overlay-opacity":"","overlay-gradient":""}}},"product_brand":[],"product_cat":[130,131,80,76],"product_tag":[],"class_list":{"0":"post-1435","1":"product","2":"type-product","3":"status-publish","4":"has-post-thumbnail","6":"product_cat-alcool-doux","7":"product_cat-hydromel-alcool-doux","8":"product_cat-33-cl","9":"product_cat-75-cl","10":"pa_sans-alcool-hydromel","11":"desktop-align-center","12":"tablet-align-left","13":"mobile-align-left","15":"first","16":"instock","17":"taxable","18":"shipping-taxable","19":"purchasable","20":"product-type-variable"},"acf":[],"yoast_head":"<!-- This site is optimized with the Yoast SEO plugin v27.0 - https:\/\/yoast.com\/product\/yoast-seo-wordpress\/ -->\n<title>Hydromel Litchi Bulles de Ruche<\/title>\n<meta name=\"description\" content=\"D\u00e9couvrez l&#039;Hydromel Litchi Bulles de Ruche, une cuv\u00e9e 100% naturelle, p\u00e9tillante et l\u00e9g\u00e8re sans ar\u00f4mes artificiels. Sucr\u00e9e et rafra\u00eechissante !\" \/>\n<meta name=\"robots\" content=\"index, follow, max-snippet:-1, max-image-preview:large, max-video-preview:-1\" \/>\n<link rel=\"canonical\" href=\"https:\/\/sjv-maurelfreres.com\/en\/produit\/hydromel-litchi-bulles-de-ruche\/\" \/>\n<meta property=\"og:locale\" content=\"en_US\" \/>\n<meta property=\"og:type\" content=\"article\" \/>\n<meta property=\"og:title\" content=\"Hydromel Litchi Bulles de Ruche\" \/>\n<meta property=\"og:description\" content=\"D\u00e9couvrez l&#039;Hydromel Litchi Bulles de Ruche, une cuv\u00e9e 100% naturelle, p\u00e9tillante et l\u00e9g\u00e8re sans ar\u00f4mes artificiels. Sucr\u00e9e et rafra\u00eechissante !\" \/>\n<meta property=\"og:url\" content=\"https:\/\/sjv-maurelfreres.com\/en\/produit\/hydromel-litchi-bulles-de-ruche\/\" \/>\n<meta property=\"og:site_name\" content=\"SJV MAUREL FR\u00c8RES\" \/>\n<meta property=\"article:modified_time\" content=\"2025-11-19T08:35:08+00:00\" \/>\n<meta property=\"og:image\" content=\"https:\/\/sjv-maurelfreres.com\/wp-content\/uploads\/2025\/01\/fleurs-de-litchi.png\" \/>\n\t<meta property=\"og:image:width\" content=\"1080\" \/>\n\t<meta property=\"og:image:height\" content=\"1080\" \/>\n\t<meta property=\"og:image:type\" content=\"image\/png\" \/>\n<meta name=\"twitter:card\" content=\"summary_large_image\" \/>\n<meta name=\"twitter:label1\" content=\"Est. reading time\" \/>\n\t<meta name=\"twitter:data1\" content=\"1 minute\" \/>\n<script type=\"application\/ld+json\" class=\"yoast-schema-graph\">{\"@context\":\"https:\/\/schema.org\",\"@graph\":[{\"@type\":\"WebPage\",\"@id\":\"https:\/\/sjv-maurelfreres.com\/en\/produit\/hydromel-litchi-bulles-de-ruche\/\",\"url\":\"https:\/\/sjv-maurelfreres.com\/en\/produit\/hydromel-litchi-bulles-de-ruche\/\",\"name\":\"Hydromel Litchi Bulles de Ruche\",\"isPartOf\":{\"@id\":\"https:\/\/sjv-maurelfreres.com\/en\/#website\"},\"primaryImageOfPage\":{\"@id\":\"https:\/\/sjv-maurelfreres.com\/en\/produit\/hydromel-litchi-bulles-de-ruche\/#primaryimage\"},\"image\":{\"@id\":\"https:\/\/sjv-maurelfreres.com\/en\/produit\/hydromel-litchi-bulles-de-ruche\/#primaryimage\"},\"thumbnailUrl\":\"https:\/\/sjv-maurelfreres.com\/wp-content\/uploads\/2025\/01\/fleurs-de-litchi.png\",\"datePublished\":\"2025-01-15T14:34:51+00:00\",\"dateModified\":\"2025-11-19T08:35:08+00:00\",\"description\":\"D\u00e9couvrez l'Hydromel Litchi Bulles de Ruche, une cuv\u00e9e 100% naturelle, p\u00e9tillante et l\u00e9g\u00e8re sans ar\u00f4mes artificiels. Sucr\u00e9e et rafra\u00eechissante !\",\"breadcrumb\":{\"@id\":\"https:\/\/sjv-maurelfreres.com\/en\/produit\/hydromel-litchi-bulles-de-ruche\/#breadcrumb\"},\"inLanguage\":\"en-US\",\"potentialAction\":[{\"@type\":\"ReadAction\",\"target\":[\"https:\/\/sjv-maurelfreres.com\/en\/produit\/hydromel-litchi-bulles-de-ruche\/\"]}]},{\"@type\":\"ImageObject\",\"inLanguage\":\"en-US\",\"@id\":\"https:\/\/sjv-maurelfreres.com\/en\/produit\/hydromel-litchi-bulles-de-ruche\/#primaryimage\",\"url\":\"https:\/\/sjv-maurelfreres.com\/wp-content\/uploads\/2025\/01\/fleurs-de-litchi.png\",\"contentUrl\":\"https:\/\/sjv-maurelfreres.com\/wp-content\/uploads\/2025\/01\/fleurs-de-litchi.png\",\"width\":1080,\"height\":1080,\"caption\":\"hydromel fleurs de litchi bulles de ruche\"},{\"@type\":\"BreadcrumbList\",\"@id\":\"https:\/\/sjv-maurelfreres.com\/en\/produit\/hydromel-litchi-bulles-de-ruche\/#breadcrumb\",\"itemListElement\":[{\"@type\":\"ListItem\",\"position\":1,\"name\":\"Accueil\",\"item\":\"https:\/\/sjv-maurelfreres.com\/en\/home\/\"},{\"@type\":\"ListItem\",\"position\":2,\"name\":\"SHOP\",\"item\":\"https:\/\/sjv-maurelfreres.com\/en\/shop\/\"},{\"@type\":\"ListItem\",\"position\":3,\"name\":\"Hydromel Litchi\"}]},{\"@type\":\"WebSite\",\"@id\":\"https:\/\/sjv-maurelfreres.com\/en\/#website\",\"url\":\"https:\/\/sjv-maurelfreres.com\/en\/\",\"name\":\"SJV MAUREL FR\u00c8RES\",\"description\":\"\",\"publisher\":{\"@id\":\"https:\/\/sjv-maurelfreres.com\/en\/#organization\"},\"potentialAction\":[{\"@type\":\"SearchAction\",\"target\":{\"@type\":\"EntryPoint\",\"urlTemplate\":\"https:\/\/sjv-maurelfreres.com\/en\/?s={search_term_string}\"},\"query-input\":{\"@type\":\"PropertyValueSpecification\",\"valueRequired\":true,\"valueName\":\"search_term_string\"}}],\"inLanguage\":\"en-US\"},{\"@type\":\"Organization\",\"@id\":\"https:\/\/sjv-maurelfreres.com\/en\/#organization\",\"name\":\"SJV MAUREL FR\u00c8RES\",\"url\":\"https:\/\/sjv-maurelfreres.com\/en\/\",\"logo\":{\"@type\":\"ImageObject\",\"inLanguage\":\"en-US\",\"@id\":\"https:\/\/sjv-maurelfreres.com\/en\/#\/schema\/logo\/image\/\",\"url\":\"https:\/\/sjv-maurelfreres.com\/wp-content\/uploads\/2024\/10\/2-2.png\",\"contentUrl\":\"https:\/\/sjv-maurelfreres.com\/wp-content\/uploads\/2024\/10\/2-2.png\",\"width\":1350,\"height\":1080,\"caption\":\"SJV MAUREL FR\u00c8RES\"},\"image\":{\"@id\":\"https:\/\/sjv-maurelfreres.com\/en\/#\/schema\/logo\/image\/\"}}]}<\/script>\n<!-- \/ Yoast SEO plugin. -->","yoast_head_json":{"title":"Hydromel Litchi Bulles de Ruche","description":"D\u00e9couvrez l'Hydromel Litchi Bulles de Ruche, une cuv\u00e9e 100% naturelle, p\u00e9tillante et l\u00e9g\u00e8re sans ar\u00f4mes artificiels. Sucr\u00e9e et rafra\u00eechissante !","robots":{"index":"index","follow":"follow","max-snippet":"max-snippet:-1","max-image-preview":"max-image-preview:large","max-video-preview":"max-video-preview:-1"},"canonical":"https:\/\/sjv-maurelfreres.com\/en\/produit\/hydromel-litchi-bulles-de-ruche\/","og_locale":"en_US","og_type":"article","og_title":"Hydromel Litchi Bulles de Ruche","og_description":"D\u00e9couvrez l'Hydromel Litchi Bulles de Ruche, une cuv\u00e9e 100% naturelle, p\u00e9tillante et l\u00e9g\u00e8re sans ar\u00f4mes artificiels. Sucr\u00e9e et rafra\u00eechissante !","og_url":"https:\/\/sjv-maurelfreres.com\/en\/produit\/hydromel-litchi-bulles-de-ruche\/","og_site_name":"SJV MAUREL FR\u00c8RES","article_modified_time":"2025-11-19T08:35:08+00:00","og_image":[{"width":1080,"height":1080,"url":"https:\/\/sjv-maurelfreres.com\/wp-content\/uploads\/2025\/01\/fleurs-de-litchi.png","type":"image\/png"}],"twitter_card":"summary_large_image","twitter_misc":{"Est. reading time":"1 minute"},"schema":{"@context":"https:\/\/schema.org","@graph":[{"@type":"WebPage","@id":"https:\/\/sjv-maurelfreres.com\/en\/produit\/hydromel-litchi-bulles-de-ruche\/","url":"https:\/\/sjv-maurelfreres.com\/en\/produit\/hydromel-litchi-bulles-de-ruche\/","name":"Hydromel Litchi Bulles de Ruche","isPartOf":{"@id":"https:\/\/sjv-maurelfreres.com\/en\/#website"},"primaryImageOfPage":{"@id":"https:\/\/sjv-maurelfreres.com\/en\/produit\/hydromel-litchi-bulles-de-ruche\/#primaryimage"},"image":{"@id":"https:\/\/sjv-maurelfreres.com\/en\/produit\/hydromel-litchi-bulles-de-ruche\/#primaryimage"},"thumbnailUrl":"https:\/\/sjv-maurelfreres.com\/wp-content\/uploads\/2025\/01\/fleurs-de-litchi.png","datePublished":"2025-01-15T14:34:51+00:00","dateModified":"2025-11-19T08:35:08+00:00","description":"D\u00e9couvrez l'Hydromel Litchi Bulles de Ruche, une cuv\u00e9e 100% naturelle, p\u00e9tillante et l\u00e9g\u00e8re sans ar\u00f4mes artificiels. Sucr\u00e9e et rafra\u00eechissante !","breadcrumb":{"@id":"https:\/\/sjv-maurelfreres.com\/en\/produit\/hydromel-litchi-bulles-de-ruche\/#breadcrumb"},"inLanguage":"en-US","potentialAction":[{"@type":"ReadAction","target":["https:\/\/sjv-maurelfreres.com\/en\/produit\/hydromel-litchi-bulles-de-ruche\/"]}]},{"@type":"ImageObject","inLanguage":"en-US","@id":"https:\/\/sjv-maurelfreres.com\/en\/produit\/hydromel-litchi-bulles-de-ruche\/#primaryimage","url":"https:\/\/sjv-maurelfreres.com\/wp-content\/uploads\/2025\/01\/fleurs-de-litchi.png","contentUrl":"https:\/\/sjv-maurelfreres.com\/wp-content\/uploads\/2025\/01\/fleurs-de-litchi.png","width":1080,"height":1080,"caption":"hydromel fleurs de litchi bulles de ruche"},{"@type":"BreadcrumbList","@id":"https:\/\/sjv-maurelfreres.com\/en\/produit\/hydromel-litchi-bulles-de-ruche\/#breadcrumb","itemListElement":[{"@type":"ListItem","position":1,"name":"Accueil","item":"https:\/\/sjv-maurelfreres.com\/en\/home\/"},{"@type":"ListItem","position":2,"name":"SHOP","item":"https:\/\/sjv-maurelfreres.com\/en\/shop\/"},{"@type":"ListItem","position":3,"name":"Hydromel Litchi"}]},{"@type":"WebSite","@id":"https:\/\/sjv-maurelfreres.com\/en\/#website","url":"https:\/\/sjv-maurelfreres.com\/en\/","name":"SJV MAUREL FR\u00c8RES","description":"","publisher":{"@id":"https:\/\/sjv-maurelfreres.com\/en\/#organization"},"potentialAction":[{"@type":"SearchAction","target":{"@type":"EntryPoint","urlTemplate":"https:\/\/sjv-maurelfreres.com\/en\/?s={search_term_string}"},"query-input":{"@type":"PropertyValueSpecification","valueRequired":true,"valueName":"search_term_string"}}],"inLanguage":"en-US"},{"@type":"Organization","@id":"https:\/\/sjv-maurelfreres.com\/en\/#organization","name":"SJV MAUREL FR\u00c8RES","url":"https:\/\/sjv-maurelfreres.com\/en\/","logo":{"@type":"ImageObject","inLanguage":"en-US","@id":"https:\/\/sjv-maurelfreres.com\/en\/#\/schema\/logo\/image\/","url":"https:\/\/sjv-maurelfreres.com\/wp-content\/uploads\/2024\/10\/2-2.png","contentUrl":"https:\/\/sjv-maurelfreres.com\/wp-content\/uploads\/2024\/10\/2-2.png","width":1350,"height":1080,"caption":"SJV MAUREL FR\u00c8RES"},"image":{"@id":"https:\/\/sjv-maurelfreres.com\/en\/#\/schema\/logo\/image\/"}}]}},"_links":{"self":[{"href":"https:\/\/sjv-maurelfreres.com\/en\/wp-json\/wp\/v2\/product\/1435","targetHints":{"allow":["GET"]}}],"collection":[{"href":"https:\/\/sjv-maurelfreres.com\/en\/wp-json\/wp\/v2\/product"}],"about":[{"href":"https:\/\/sjv-maurelfreres.com\/en\/wp-json\/wp\/v2\/types\/product"}],"wp:featuredmedia":[{"embeddable":true,"href":"https:\/\/sjv-maurelfreres.com\/en\/wp-json\/wp\/v2\/media\/1498"}],"wp:attachment":[{"href":"https:\/\/sjv-maurelfreres.com\/en\/wp-json\/wp\/v2\/media?parent=1435"}],"wp:term":[{"taxonomy":"product_brand","embeddable":true,"href":"https:\/\/sjv-maurelfreres.com\/en\/wp-json\/wp\/v2\/product_brand?post=1435"},{"taxonomy":"product_cat","embeddable":true,"href":"https:\/\/sjv-maurelfreres.com\/en\/wp-json\/wp\/v2\/product_cat?post=1435"},{"taxonomy":"product_tag","embeddable":true,"href":"https:\/\/sjv-maurelfreres.com\/en\/wp-json\/wp\/v2\/product_tag?post=1435"}],"curies":[{"name":"wp","href":"https:\/\/api.w.org\/{rel}","templated":true}]}}