{"id":1420,"date":"2025-01-15T15:07:58","date_gmt":"2025-01-15T14:07:58","guid":{"rendered":"https:\/\/maurelfreres.com\/?post_type=product&#038;p=1420"},"modified":"2025-11-18T16:16:20","modified_gmt":"2025-11-18T15:16:20","slug":"dalat-flowerbomb-gin-lady-trieu","status":"publish","type":"product","link":"https:\/\/sjv-maurelfreres.com\/en\/produit\/dalat-flowerbomb-gin-lady-trieu\/","title":{"rendered":"Dalat Flowerbomb Gin"},"content":{"rendered":"<p data-start=\"118\" data-end=\"160\"><strong>Dalat Flowerbomb Gin \u2013 Lady Trieu<\/strong><\/p>\n<p data-start=\"161\" data-end=\"190\">Vietnam \u2013 43% ABV \u2013 70 cl<\/p>\n<p data-start=\"192\" data-end=\"235\"><strong data-start=\"196\" data-end=\"233\">Informations en + :\u00a0<\/strong>Issu des hauts plateaux de <strong data-start=\"263\" data-end=\"272\">Dalat<\/strong>, r\u00e9gion embl\u00e9matique du centre du Vietnam o\u00f9 l\u2019on dit que les quatre saisons se succ\u00e8dent en une seule journ\u00e9e, le <strong data-start=\"388\" data-end=\"412\">Dalat Flowerbomb Gin<\/strong> est un hommage \u00e0 la richesse botanique du pays. \u00c9labor\u00e9 artisanalement en petits lots, il combine des plantes locales soigneusement s\u00e9lectionn\u00e9es : <strong data-start=\"561\" data-end=\"579\">fleur de lotus<\/strong>, <strong data-start=\"581\" data-end=\"591\">jasmin<\/strong>, <strong data-start=\"593\" data-end=\"603\">cub\u00e8be<\/strong>, <strong data-start=\"605\" data-end=\"621\">chrysanth\u00e8me<\/strong>, associ\u00e9es au meilleur <strong data-start=\"645\" data-end=\"666\">gen\u00e9vrier italien<\/strong>.<\/p>\n","protected":false},"excerpt":{"rendered":"<p>Lady Trieu<\/p>\n","protected":false},"featured_media":1504,"template":"","meta":{"_acf_changed":false,"site-sidebar-layout":"default","site-content-layout":"","ast-site-content-layout":"default","site-content-style":"default","site-sidebar-style":"default","ast-global-header-display":"","ast-banner-title-visibility":"","ast-main-header-display":"","ast-hfb-above-header-display":"","ast-hfb-below-header-display":"","ast-hfb-mobile-header-display":"","site-post-title":"","ast-breadcrumbs-content":"","ast-featured-img":"","footer-sml-layout":"","ast-disable-related-posts":"","theme-transparent-header-meta":"default","adv-header-id-meta":"","stick-header-meta":"","header-above-stick-meta":"","header-main-stick-meta":"","header-below-stick-meta":"","astra-migrate-meta-layouts":"set","ast-page-background-enabled":"default","ast-page-background-meta":{"desktop":{"background-color":"var(--ast-global-color-4)","background-image":"","background-repeat":"repeat","background-position":"center center","background-size":"auto","background-attachment":"scroll","background-type":"","background-media":"","overlay-type":"","overlay-color":"","overlay-opacity":"","overlay-gradient":""},"tablet":{"background-color":"","background-image":"","background-repeat":"repeat","background-position":"center center","background-size":"auto","background-attachment":"scroll","background-type":"","background-media":"","overlay-type":"","overlay-color":"","overlay-opacity":"","overlay-gradient":""},"mobile":{"background-color":"","background-image":"","background-repeat":"repeat","background-position":"center center","background-size":"auto","background-attachment":"scroll","background-type":"","background-media":"","overlay-type":"","overlay-color":"","overlay-opacity":"","overlay-gradient":""}},"ast-content-background-meta":{"desktop":{"background-color":"var(--ast-global-color-5)","background-image":"","background-repeat":"repeat","background-position":"center center","background-size":"auto","background-attachment":"scroll","background-type":"","background-media":"","overlay-type":"","overlay-color":"","overlay-opacity":"","overlay-gradient":""},"tablet":{"background-color":"var(--ast-global-color-5)","background-image":"","background-repeat":"repeat","background-position":"center center","background-size":"auto","background-attachment":"scroll","background-type":"","background-media":"","overlay-type":"","overlay-color":"","overlay-opacity":"","overlay-gradient":""},"mobile":{"background-color":"var(--ast-global-color-5)","background-image":"","background-repeat":"repeat","background-position":"center center","background-size":"auto","background-attachment":"scroll","background-type":"","background-media":"","overlay-type":"","overlay-color":"","overlay-opacity":"","overlay-gradient":""}}},"product_brand":[],"product_cat":[28,36,138,141,81],"product_tag":[],"class_list":{"0":"post-1420","1":"product","2":"type-product","3":"status-publish","4":"has-post-thumbnail","6":"product_cat-spiritueux","7":"product_cat-gin","8":"product_cat-vins-et-spiritueux-par-pays","9":"product_cat-vietnam","10":"product_cat-70-cl","11":"pa_spiritueux-gin","12":"desktop-align-center","13":"tablet-align-left","14":"mobile-align-left","16":"first","17":"instock","18":"taxable","19":"shipping-taxable","20":"purchasable","21":"product-type-simple"},"acf":[],"yoast_head":"<!-- This site is optimized with the Yoast SEO plugin v27.0 - https:\/\/yoast.com\/product\/yoast-seo-wordpress\/ -->\n<title>Dalat Flowerbomb Gin Lady Trieu<\/title>\n<meta name=\"description\" content=\"Savourez Dalat Flowerbomb Gin de Lady Trieu, un gin floral et \u00e9l\u00e9gant, infus\u00e9 avec des fleurs locales et des herbes fra\u00eeches, offrant des ar\u00f4mes de jasmin.\" \/>\n<meta name=\"robots\" content=\"index, follow, max-snippet:-1, max-image-preview:large, max-video-preview:-1\" \/>\n<link rel=\"canonical\" href=\"https:\/\/sjv-maurelfreres.com\/en\/produit\/dalat-flowerbomb-gin-lady-trieu\/\" \/>\n<meta property=\"og:locale\" content=\"en_US\" \/>\n<meta property=\"og:type\" content=\"article\" \/>\n<meta property=\"og:title\" content=\"Dalat Flowerbomb Gin Lady Trieu\" \/>\n<meta property=\"og:description\" content=\"Savourez Dalat Flowerbomb Gin de Lady Trieu, un gin floral et \u00e9l\u00e9gant, infus\u00e9 avec des fleurs locales et des herbes fra\u00eeches, offrant des ar\u00f4mes de jasmin.\" \/>\n<meta property=\"og:url\" content=\"https:\/\/sjv-maurelfreres.com\/en\/produit\/dalat-flowerbomb-gin-lady-trieu\/\" \/>\n<meta property=\"og:site_name\" content=\"SJV MAUREL FR\u00c8RES\" \/>\n<meta property=\"article:modified_time\" content=\"2025-11-18T15:16:20+00:00\" \/>\n<meta property=\"og:image\" content=\"https:\/\/sjv-maurelfreres.com\/wp-content\/uploads\/2025\/01\/Dalat.png\" \/>\n\t<meta property=\"og:image:width\" content=\"1080\" \/>\n\t<meta property=\"og:image:height\" content=\"1080\" \/>\n\t<meta property=\"og:image:type\" content=\"image\/png\" \/>\n<meta name=\"twitter:card\" content=\"summary_large_image\" \/>\n<meta name=\"twitter:label1\" content=\"Est. reading time\" \/>\n\t<meta name=\"twitter:data1\" content=\"1 minute\" \/>\n<script type=\"application\/ld+json\" class=\"yoast-schema-graph\">{\"@context\":\"https:\/\/schema.org\",\"@graph\":[{\"@type\":\"WebPage\",\"@id\":\"https:\/\/sjv-maurelfreres.com\/en\/produit\/dalat-flowerbomb-gin-lady-trieu\/\",\"url\":\"https:\/\/sjv-maurelfreres.com\/en\/produit\/dalat-flowerbomb-gin-lady-trieu\/\",\"name\":\"Dalat Flowerbomb Gin Lady Trieu\",\"isPartOf\":{\"@id\":\"https:\/\/sjv-maurelfreres.com\/en\/#website\"},\"primaryImageOfPage\":{\"@id\":\"https:\/\/sjv-maurelfreres.com\/en\/produit\/dalat-flowerbomb-gin-lady-trieu\/#primaryimage\"},\"image\":{\"@id\":\"https:\/\/sjv-maurelfreres.com\/en\/produit\/dalat-flowerbomb-gin-lady-trieu\/#primaryimage\"},\"thumbnailUrl\":\"https:\/\/sjv-maurelfreres.com\/wp-content\/uploads\/2025\/01\/Dalat.png\",\"datePublished\":\"2025-01-15T14:07:58+00:00\",\"dateModified\":\"2025-11-18T15:16:20+00:00\",\"description\":\"Savourez Dalat Flowerbomb Gin de Lady Trieu, un gin floral et \u00e9l\u00e9gant, infus\u00e9 avec des fleurs locales et des herbes fra\u00eeches, offrant des ar\u00f4mes de jasmin.\",\"breadcrumb\":{\"@id\":\"https:\/\/sjv-maurelfreres.com\/en\/produit\/dalat-flowerbomb-gin-lady-trieu\/#breadcrumb\"},\"inLanguage\":\"en-US\",\"potentialAction\":[{\"@type\":\"ReadAction\",\"target\":[\"https:\/\/sjv-maurelfreres.com\/en\/produit\/dalat-flowerbomb-gin-lady-trieu\/\"]}]},{\"@type\":\"ImageObject\",\"inLanguage\":\"en-US\",\"@id\":\"https:\/\/sjv-maurelfreres.com\/en\/produit\/dalat-flowerbomb-gin-lady-trieu\/#primaryimage\",\"url\":\"https:\/\/sjv-maurelfreres.com\/wp-content\/uploads\/2025\/01\/Dalat.png\",\"contentUrl\":\"https:\/\/sjv-maurelfreres.com\/wp-content\/uploads\/2025\/01\/Dalat.png\",\"width\":1080,\"height\":1080,\"caption\":\"Dalat Flowerbomb Gin, Lady Trieu\"},{\"@type\":\"BreadcrumbList\",\"@id\":\"https:\/\/sjv-maurelfreres.com\/en\/produit\/dalat-flowerbomb-gin-lady-trieu\/#breadcrumb\",\"itemListElement\":[{\"@type\":\"ListItem\",\"position\":1,\"name\":\"Accueil\",\"item\":\"https:\/\/sjv-maurelfreres.com\/en\/home\/\"},{\"@type\":\"ListItem\",\"position\":2,\"name\":\"SHOP\",\"item\":\"https:\/\/sjv-maurelfreres.com\/en\/shop\/\"},{\"@type\":\"ListItem\",\"position\":3,\"name\":\"Dalat Flowerbomb Gin\"}]},{\"@type\":\"WebSite\",\"@id\":\"https:\/\/sjv-maurelfreres.com\/en\/#website\",\"url\":\"https:\/\/sjv-maurelfreres.com\/en\/\",\"name\":\"SJV MAUREL FR\u00c8RES\",\"description\":\"\",\"publisher\":{\"@id\":\"https:\/\/sjv-maurelfreres.com\/en\/#organization\"},\"potentialAction\":[{\"@type\":\"SearchAction\",\"target\":{\"@type\":\"EntryPoint\",\"urlTemplate\":\"https:\/\/sjv-maurelfreres.com\/en\/?s={search_term_string}\"},\"query-input\":{\"@type\":\"PropertyValueSpecification\",\"valueRequired\":true,\"valueName\":\"search_term_string\"}}],\"inLanguage\":\"en-US\"},{\"@type\":\"Organization\",\"@id\":\"https:\/\/sjv-maurelfreres.com\/en\/#organization\",\"name\":\"SJV MAUREL FR\u00c8RES\",\"url\":\"https:\/\/sjv-maurelfreres.com\/en\/\",\"logo\":{\"@type\":\"ImageObject\",\"inLanguage\":\"en-US\",\"@id\":\"https:\/\/sjv-maurelfreres.com\/en\/#\/schema\/logo\/image\/\",\"url\":\"https:\/\/sjv-maurelfreres.com\/wp-content\/uploads\/2024\/10\/2-2.png\",\"contentUrl\":\"https:\/\/sjv-maurelfreres.com\/wp-content\/uploads\/2024\/10\/2-2.png\",\"width\":1350,\"height\":1080,\"caption\":\"SJV MAUREL FR\u00c8RES\"},\"image\":{\"@id\":\"https:\/\/sjv-maurelfreres.com\/en\/#\/schema\/logo\/image\/\"}}]}<\/script>\n<!-- \/ Yoast SEO plugin. -->","yoast_head_json":{"title":"Dalat Flowerbomb Gin Lady Trieu","description":"Savourez Dalat Flowerbomb Gin de Lady Trieu, un gin floral et \u00e9l\u00e9gant, infus\u00e9 avec des fleurs locales et des herbes fra\u00eeches, offrant des ar\u00f4mes de jasmin.","robots":{"index":"index","follow":"follow","max-snippet":"max-snippet:-1","max-image-preview":"max-image-preview:large","max-video-preview":"max-video-preview:-1"},"canonical":"https:\/\/sjv-maurelfreres.com\/en\/produit\/dalat-flowerbomb-gin-lady-trieu\/","og_locale":"en_US","og_type":"article","og_title":"Dalat Flowerbomb Gin Lady Trieu","og_description":"Savourez Dalat Flowerbomb Gin de Lady Trieu, un gin floral et \u00e9l\u00e9gant, infus\u00e9 avec des fleurs locales et des herbes fra\u00eeches, offrant des ar\u00f4mes de jasmin.","og_url":"https:\/\/sjv-maurelfreres.com\/en\/produit\/dalat-flowerbomb-gin-lady-trieu\/","og_site_name":"SJV MAUREL FR\u00c8RES","article_modified_time":"2025-11-18T15:16:20+00:00","og_image":[{"width":1080,"height":1080,"url":"https:\/\/sjv-maurelfreres.com\/wp-content\/uploads\/2025\/01\/Dalat.png","type":"image\/png"}],"twitter_card":"summary_large_image","twitter_misc":{"Est. reading time":"1 minute"},"schema":{"@context":"https:\/\/schema.org","@graph":[{"@type":"WebPage","@id":"https:\/\/sjv-maurelfreres.com\/en\/produit\/dalat-flowerbomb-gin-lady-trieu\/","url":"https:\/\/sjv-maurelfreres.com\/en\/produit\/dalat-flowerbomb-gin-lady-trieu\/","name":"Dalat Flowerbomb Gin Lady Trieu","isPartOf":{"@id":"https:\/\/sjv-maurelfreres.com\/en\/#website"},"primaryImageOfPage":{"@id":"https:\/\/sjv-maurelfreres.com\/en\/produit\/dalat-flowerbomb-gin-lady-trieu\/#primaryimage"},"image":{"@id":"https:\/\/sjv-maurelfreres.com\/en\/produit\/dalat-flowerbomb-gin-lady-trieu\/#primaryimage"},"thumbnailUrl":"https:\/\/sjv-maurelfreres.com\/wp-content\/uploads\/2025\/01\/Dalat.png","datePublished":"2025-01-15T14:07:58+00:00","dateModified":"2025-11-18T15:16:20+00:00","description":"Savourez Dalat Flowerbomb Gin de Lady Trieu, un gin floral et \u00e9l\u00e9gant, infus\u00e9 avec des fleurs locales et des herbes fra\u00eeches, offrant des ar\u00f4mes de jasmin.","breadcrumb":{"@id":"https:\/\/sjv-maurelfreres.com\/en\/produit\/dalat-flowerbomb-gin-lady-trieu\/#breadcrumb"},"inLanguage":"en-US","potentialAction":[{"@type":"ReadAction","target":["https:\/\/sjv-maurelfreres.com\/en\/produit\/dalat-flowerbomb-gin-lady-trieu\/"]}]},{"@type":"ImageObject","inLanguage":"en-US","@id":"https:\/\/sjv-maurelfreres.com\/en\/produit\/dalat-flowerbomb-gin-lady-trieu\/#primaryimage","url":"https:\/\/sjv-maurelfreres.com\/wp-content\/uploads\/2025\/01\/Dalat.png","contentUrl":"https:\/\/sjv-maurelfreres.com\/wp-content\/uploads\/2025\/01\/Dalat.png","width":1080,"height":1080,"caption":"Dalat Flowerbomb Gin, Lady Trieu"},{"@type":"BreadcrumbList","@id":"https:\/\/sjv-maurelfreres.com\/en\/produit\/dalat-flowerbomb-gin-lady-trieu\/#breadcrumb","itemListElement":[{"@type":"ListItem","position":1,"name":"Accueil","item":"https:\/\/sjv-maurelfreres.com\/en\/home\/"},{"@type":"ListItem","position":2,"name":"SHOP","item":"https:\/\/sjv-maurelfreres.com\/en\/shop\/"},{"@type":"ListItem","position":3,"name":"Dalat Flowerbomb Gin"}]},{"@type":"WebSite","@id":"https:\/\/sjv-maurelfreres.com\/en\/#website","url":"https:\/\/sjv-maurelfreres.com\/en\/","name":"SJV MAUREL FR\u00c8RES","description":"","publisher":{"@id":"https:\/\/sjv-maurelfreres.com\/en\/#organization"},"potentialAction":[{"@type":"SearchAction","target":{"@type":"EntryPoint","urlTemplate":"https:\/\/sjv-maurelfreres.com\/en\/?s={search_term_string}"},"query-input":{"@type":"PropertyValueSpecification","valueRequired":true,"valueName":"search_term_string"}}],"inLanguage":"en-US"},{"@type":"Organization","@id":"https:\/\/sjv-maurelfreres.com\/en\/#organization","name":"SJV MAUREL FR\u00c8RES","url":"https:\/\/sjv-maurelfreres.com\/en\/","logo":{"@type":"ImageObject","inLanguage":"en-US","@id":"https:\/\/sjv-maurelfreres.com\/en\/#\/schema\/logo\/image\/","url":"https:\/\/sjv-maurelfreres.com\/wp-content\/uploads\/2024\/10\/2-2.png","contentUrl":"https:\/\/sjv-maurelfreres.com\/wp-content\/uploads\/2024\/10\/2-2.png","width":1350,"height":1080,"caption":"SJV MAUREL FR\u00c8RES"},"image":{"@id":"https:\/\/sjv-maurelfreres.com\/en\/#\/schema\/logo\/image\/"}}]}},"_links":{"self":[{"href":"https:\/\/sjv-maurelfreres.com\/en\/wp-json\/wp\/v2\/product\/1420","targetHints":{"allow":["GET"]}}],"collection":[{"href":"https:\/\/sjv-maurelfreres.com\/en\/wp-json\/wp\/v2\/product"}],"about":[{"href":"https:\/\/sjv-maurelfreres.com\/en\/wp-json\/wp\/v2\/types\/product"}],"wp:featuredmedia":[{"embeddable":true,"href":"https:\/\/sjv-maurelfreres.com\/en\/wp-json\/wp\/v2\/media\/1504"}],"wp:attachment":[{"href":"https:\/\/sjv-maurelfreres.com\/en\/wp-json\/wp\/v2\/media?parent=1420"}],"wp:term":[{"taxonomy":"product_brand","embeddable":true,"href":"https:\/\/sjv-maurelfreres.com\/en\/wp-json\/wp\/v2\/product_brand?post=1420"},{"taxonomy":"product_cat","embeddable":true,"href":"https:\/\/sjv-maurelfreres.com\/en\/wp-json\/wp\/v2\/product_cat?post=1420"},{"taxonomy":"product_tag","embeddable":true,"href":"https:\/\/sjv-maurelfreres.com\/en\/wp-json\/wp\/v2\/product_tag?post=1420"}],"curies":[{"name":"wp","href":"https:\/\/api.w.org\/{rel}","templated":true}]}}