{"id":1399,"date":"2025-01-15T13:44:24","date_gmt":"2025-01-15T12:44:24","guid":{"rendered":"https:\/\/maurelfreres.com\/?post_type=product&#038;p=1399"},"modified":"2025-11-20T13:06:08","modified_gmt":"2025-11-20T12:06:08","slug":"pinot-noir-quintessence-charles-frey","status":"publish","type":"product","link":"https:\/\/sjv-maurelfreres.com\/en\/produit\/pinot-noir-quintessence-charles-frey\/","title":{"rendered":"Pinot Noir Quintessence"},"content":{"rendered":"<p>100% Pinot Noir<\/p>\n<p>Alsace, France<\/p>\n<p><strong>Information en + :<\/strong> Ce Pinot Noir d\u2019Alsace, issu d\u2019une s\u00e9lection parcellaire exigeante, exprime toute la personnalit\u00e9 du c\u00e9page sur un terroir frais et solaire. B\u00e9n\u00e9ficiant d\u2019un \u00e9levage long de 24 mois en barrique, il r\u00e9v\u00e8le une profondeur rarement atteinte dans la r\u00e9gion, alliant maturit\u00e9, \u00e9l\u00e9gance et intensit\u00e9 aromatique.<\/p>\n<p>75 cl<\/p>\n<p>&nbsp;<\/p>\n","protected":false},"excerpt":{"rendered":"<p>Domaine Charles Frey<\/p>\n<p>2022<\/p>\n<p>AOC Alsace<\/p>\n","protected":false},"featured_media":1455,"template":"","meta":{"_acf_changed":false,"site-sidebar-layout":"default","site-content-layout":"","ast-site-content-layout":"default","site-content-style":"default","site-sidebar-style":"default","ast-global-header-display":"","ast-banner-title-visibility":"","ast-main-header-display":"","ast-hfb-above-header-display":"","ast-hfb-below-header-display":"","ast-hfb-mobile-header-display":"","site-post-title":"","ast-breadcrumbs-content":"","ast-featured-img":"","footer-sml-layout":"","ast-disable-related-posts":"","theme-transparent-header-meta":"default","adv-header-id-meta":"","stick-header-meta":"","header-above-stick-meta":"","header-main-stick-meta":"","header-below-stick-meta":"","astra-migrate-meta-layouts":"set","ast-page-background-enabled":"default","ast-page-background-meta":{"desktop":{"background-color":"var(--ast-global-color-4)","background-image":"","background-repeat":"repeat","background-position":"center center","background-size":"auto","background-attachment":"scroll","background-type":"","background-media":"","overlay-type":"","overlay-color":"","overlay-opacity":"","overlay-gradient":""},"tablet":{"background-color":"","background-image":"","background-repeat":"repeat","background-position":"center center","background-size":"auto","background-attachment":"scroll","background-type":"","background-media":"","overlay-type":"","overlay-color":"","overlay-opacity":"","overlay-gradient":""},"mobile":{"background-color":"","background-image":"","background-repeat":"repeat","background-position":"center center","background-size":"auto","background-attachment":"scroll","background-type":"","background-media":"","overlay-type":"","overlay-color":"","overlay-opacity":"","overlay-gradient":""}},"ast-content-background-meta":{"desktop":{"background-color":"var(--ast-global-color-5)","background-image":"","background-repeat":"repeat","background-position":"center center","background-size":"auto","background-attachment":"scroll","background-type":"","background-media":"","overlay-type":"","overlay-color":"","overlay-opacity":"","overlay-gradient":""},"tablet":{"background-color":"var(--ast-global-color-5)","background-image":"","background-repeat":"repeat","background-position":"center center","background-size":"auto","background-attachment":"scroll","background-type":"","background-media":"","overlay-type":"","overlay-color":"","overlay-opacity":"","overlay-gradient":""},"mobile":{"background-color":"var(--ast-global-color-5)","background-image":"","background-repeat":"repeat","background-position":"center center","background-size":"auto","background-attachment":"scroll","background-type":"","background-media":"","overlay-type":"","overlay-color":"","overlay-opacity":"","overlay-gradient":""}}},"product_brand":[],"product_cat":[27,31,134,71,76],"product_tag":[],"class_list":{"0":"post-1399","1":"product","2":"type-product","3":"status-publish","4":"has-post-thumbnail","6":"product_cat-vins-maurel-freres","7":"product_cat-vins-rouge","8":"product_cat-vins-alsacien","9":"product_cat-71","10":"product_cat-75-cl","11":"pa_vins-rouge","12":"desktop-align-center","13":"tablet-align-left","14":"mobile-align-left","16":"first","17":"instock","18":"taxable","19":"shipping-taxable","20":"purchasable","21":"product-type-simple"},"acf":[],"yoast_head":"<!-- This site is optimized with the Yoast SEO plugin v27.0 - https:\/\/yoast.com\/product\/yoast-seo-wordpress\/ -->\n<title>Pinot noir Quintessence Domaine Charles Frey<\/title>\n<meta name=\"description\" content=\"Savourez le Pinot Noir Quintessence du Domaine Charles Frey, une cuv\u00e9e raffin\u00e9e, aux ar\u00f4mes de fruits rouges m\u00fbrs et une belle longueur en bouche.\" \/>\n<meta name=\"robots\" content=\"index, follow, max-snippet:-1, max-image-preview:large, max-video-preview:-1\" \/>\n<link rel=\"canonical\" href=\"https:\/\/sjv-maurelfreres.com\/en\/produit\/pinot-noir-quintessence-charles-frey\/\" \/>\n<meta property=\"og:locale\" content=\"en_US\" \/>\n<meta property=\"og:type\" content=\"article\" \/>\n<meta property=\"og:title\" content=\"Pinot noir Quintessence Domaine Charles Frey\" \/>\n<meta property=\"og:description\" content=\"Savourez le Pinot Noir Quintessence du Domaine Charles Frey, une cuv\u00e9e raffin\u00e9e, aux ar\u00f4mes de fruits rouges m\u00fbrs et une belle longueur en bouche.\" \/>\n<meta property=\"og:url\" content=\"https:\/\/sjv-maurelfreres.com\/en\/produit\/pinot-noir-quintessence-charles-frey\/\" \/>\n<meta property=\"og:site_name\" content=\"SJV MAUREL FR\u00c8RES\" \/>\n<meta property=\"article:modified_time\" content=\"2025-11-20T12:06:08+00:00\" \/>\n<meta property=\"og:image\" content=\"https:\/\/sjv-maurelfreres.com\/wp-content\/uploads\/2025\/01\/pinot-noir-quintessence.jpg\" \/>\n\t<meta property=\"og:image:width\" content=\"1080\" \/>\n\t<meta property=\"og:image:height\" content=\"1080\" \/>\n\t<meta property=\"og:image:type\" content=\"image\/jpeg\" \/>\n<meta name=\"twitter:card\" content=\"summary_large_image\" \/>\n<meta name=\"twitter:label1\" content=\"Est. reading time\" \/>\n\t<meta name=\"twitter:data1\" content=\"1 minute\" \/>\n<script type=\"application\/ld+json\" class=\"yoast-schema-graph\">{\"@context\":\"https:\/\/schema.org\",\"@graph\":[{\"@type\":\"WebPage\",\"@id\":\"https:\/\/sjv-maurelfreres.com\/en\/produit\/pinot-noir-quintessence-charles-frey\/\",\"url\":\"https:\/\/sjv-maurelfreres.com\/en\/produit\/pinot-noir-quintessence-charles-frey\/\",\"name\":\"Pinot noir Quintessence Domaine Charles Frey\",\"isPartOf\":{\"@id\":\"https:\/\/sjv-maurelfreres.com\/en\/#website\"},\"primaryImageOfPage\":{\"@id\":\"https:\/\/sjv-maurelfreres.com\/en\/produit\/pinot-noir-quintessence-charles-frey\/#primaryimage\"},\"image\":{\"@id\":\"https:\/\/sjv-maurelfreres.com\/en\/produit\/pinot-noir-quintessence-charles-frey\/#primaryimage\"},\"thumbnailUrl\":\"https:\/\/sjv-maurelfreres.com\/wp-content\/uploads\/2025\/01\/pinot-noir-quintessence.jpg\",\"datePublished\":\"2025-01-15T12:44:24+00:00\",\"dateModified\":\"2025-11-20T12:06:08+00:00\",\"description\":\"Savourez le Pinot Noir Quintessence du Domaine Charles Frey, une cuv\u00e9e raffin\u00e9e, aux ar\u00f4mes de fruits rouges m\u00fbrs et une belle longueur en bouche.\",\"breadcrumb\":{\"@id\":\"https:\/\/sjv-maurelfreres.com\/en\/produit\/pinot-noir-quintessence-charles-frey\/#breadcrumb\"},\"inLanguage\":\"en-US\",\"potentialAction\":[{\"@type\":\"ReadAction\",\"target\":[\"https:\/\/sjv-maurelfreres.com\/en\/produit\/pinot-noir-quintessence-charles-frey\/\"]}]},{\"@type\":\"ImageObject\",\"inLanguage\":\"en-US\",\"@id\":\"https:\/\/sjv-maurelfreres.com\/en\/produit\/pinot-noir-quintessence-charles-frey\/#primaryimage\",\"url\":\"https:\/\/sjv-maurelfreres.com\/wp-content\/uploads\/2025\/01\/pinot-noir-quintessence.jpg\",\"contentUrl\":\"https:\/\/sjv-maurelfreres.com\/wp-content\/uploads\/2025\/01\/pinot-noir-quintessence.jpg\",\"width\":1080,\"height\":1080,\"caption\":\"pinot noir quintessence vin rouge Alsace domaine Charles Frey\"},{\"@type\":\"BreadcrumbList\",\"@id\":\"https:\/\/sjv-maurelfreres.com\/en\/produit\/pinot-noir-quintessence-charles-frey\/#breadcrumb\",\"itemListElement\":[{\"@type\":\"ListItem\",\"position\":1,\"name\":\"Accueil\",\"item\":\"https:\/\/sjv-maurelfreres.com\/en\/home\/\"},{\"@type\":\"ListItem\",\"position\":2,\"name\":\"SHOP\",\"item\":\"https:\/\/sjv-maurelfreres.com\/en\/shop\/\"},{\"@type\":\"ListItem\",\"position\":3,\"name\":\"Pinot Noir Quintessence\"}]},{\"@type\":\"WebSite\",\"@id\":\"https:\/\/sjv-maurelfreres.com\/en\/#website\",\"url\":\"https:\/\/sjv-maurelfreres.com\/en\/\",\"name\":\"SJV MAUREL FR\u00c8RES\",\"description\":\"\",\"publisher\":{\"@id\":\"https:\/\/sjv-maurelfreres.com\/en\/#organization\"},\"potentialAction\":[{\"@type\":\"SearchAction\",\"target\":{\"@type\":\"EntryPoint\",\"urlTemplate\":\"https:\/\/sjv-maurelfreres.com\/en\/?s={search_term_string}\"},\"query-input\":{\"@type\":\"PropertyValueSpecification\",\"valueRequired\":true,\"valueName\":\"search_term_string\"}}],\"inLanguage\":\"en-US\"},{\"@type\":\"Organization\",\"@id\":\"https:\/\/sjv-maurelfreres.com\/en\/#organization\",\"name\":\"SJV MAUREL FR\u00c8RES\",\"url\":\"https:\/\/sjv-maurelfreres.com\/en\/\",\"logo\":{\"@type\":\"ImageObject\",\"inLanguage\":\"en-US\",\"@id\":\"https:\/\/sjv-maurelfreres.com\/en\/#\/schema\/logo\/image\/\",\"url\":\"https:\/\/sjv-maurelfreres.com\/wp-content\/uploads\/2024\/10\/2-2.png\",\"contentUrl\":\"https:\/\/sjv-maurelfreres.com\/wp-content\/uploads\/2024\/10\/2-2.png\",\"width\":1350,\"height\":1080,\"caption\":\"SJV MAUREL FR\u00c8RES\"},\"image\":{\"@id\":\"https:\/\/sjv-maurelfreres.com\/en\/#\/schema\/logo\/image\/\"}}]}<\/script>\n<!-- \/ Yoast SEO plugin. -->","yoast_head_json":{"title":"Pinot noir Quintessence Domaine Charles Frey","description":"Savourez le Pinot Noir Quintessence du Domaine Charles Frey, une cuv\u00e9e raffin\u00e9e, aux ar\u00f4mes de fruits rouges m\u00fbrs et une belle longueur en bouche.","robots":{"index":"index","follow":"follow","max-snippet":"max-snippet:-1","max-image-preview":"max-image-preview:large","max-video-preview":"max-video-preview:-1"},"canonical":"https:\/\/sjv-maurelfreres.com\/en\/produit\/pinot-noir-quintessence-charles-frey\/","og_locale":"en_US","og_type":"article","og_title":"Pinot noir Quintessence Domaine Charles Frey","og_description":"Savourez le Pinot Noir Quintessence du Domaine Charles Frey, une cuv\u00e9e raffin\u00e9e, aux ar\u00f4mes de fruits rouges m\u00fbrs et une belle longueur en bouche.","og_url":"https:\/\/sjv-maurelfreres.com\/en\/produit\/pinot-noir-quintessence-charles-frey\/","og_site_name":"SJV MAUREL FR\u00c8RES","article_modified_time":"2025-11-20T12:06:08+00:00","og_image":[{"width":1080,"height":1080,"url":"https:\/\/sjv-maurelfreres.com\/wp-content\/uploads\/2025\/01\/pinot-noir-quintessence.jpg","type":"image\/jpeg"}],"twitter_card":"summary_large_image","twitter_misc":{"Est. reading time":"1 minute"},"schema":{"@context":"https:\/\/schema.org","@graph":[{"@type":"WebPage","@id":"https:\/\/sjv-maurelfreres.com\/en\/produit\/pinot-noir-quintessence-charles-frey\/","url":"https:\/\/sjv-maurelfreres.com\/en\/produit\/pinot-noir-quintessence-charles-frey\/","name":"Pinot noir Quintessence Domaine Charles Frey","isPartOf":{"@id":"https:\/\/sjv-maurelfreres.com\/en\/#website"},"primaryImageOfPage":{"@id":"https:\/\/sjv-maurelfreres.com\/en\/produit\/pinot-noir-quintessence-charles-frey\/#primaryimage"},"image":{"@id":"https:\/\/sjv-maurelfreres.com\/en\/produit\/pinot-noir-quintessence-charles-frey\/#primaryimage"},"thumbnailUrl":"https:\/\/sjv-maurelfreres.com\/wp-content\/uploads\/2025\/01\/pinot-noir-quintessence.jpg","datePublished":"2025-01-15T12:44:24+00:00","dateModified":"2025-11-20T12:06:08+00:00","description":"Savourez le Pinot Noir Quintessence du Domaine Charles Frey, une cuv\u00e9e raffin\u00e9e, aux ar\u00f4mes de fruits rouges m\u00fbrs et une belle longueur en bouche.","breadcrumb":{"@id":"https:\/\/sjv-maurelfreres.com\/en\/produit\/pinot-noir-quintessence-charles-frey\/#breadcrumb"},"inLanguage":"en-US","potentialAction":[{"@type":"ReadAction","target":["https:\/\/sjv-maurelfreres.com\/en\/produit\/pinot-noir-quintessence-charles-frey\/"]}]},{"@type":"ImageObject","inLanguage":"en-US","@id":"https:\/\/sjv-maurelfreres.com\/en\/produit\/pinot-noir-quintessence-charles-frey\/#primaryimage","url":"https:\/\/sjv-maurelfreres.com\/wp-content\/uploads\/2025\/01\/pinot-noir-quintessence.jpg","contentUrl":"https:\/\/sjv-maurelfreres.com\/wp-content\/uploads\/2025\/01\/pinot-noir-quintessence.jpg","width":1080,"height":1080,"caption":"pinot noir quintessence vin rouge Alsace domaine Charles Frey"},{"@type":"BreadcrumbList","@id":"https:\/\/sjv-maurelfreres.com\/en\/produit\/pinot-noir-quintessence-charles-frey\/#breadcrumb","itemListElement":[{"@type":"ListItem","position":1,"name":"Accueil","item":"https:\/\/sjv-maurelfreres.com\/en\/home\/"},{"@type":"ListItem","position":2,"name":"SHOP","item":"https:\/\/sjv-maurelfreres.com\/en\/shop\/"},{"@type":"ListItem","position":3,"name":"Pinot Noir Quintessence"}]},{"@type":"WebSite","@id":"https:\/\/sjv-maurelfreres.com\/en\/#website","url":"https:\/\/sjv-maurelfreres.com\/en\/","name":"SJV MAUREL FR\u00c8RES","description":"","publisher":{"@id":"https:\/\/sjv-maurelfreres.com\/en\/#organization"},"potentialAction":[{"@type":"SearchAction","target":{"@type":"EntryPoint","urlTemplate":"https:\/\/sjv-maurelfreres.com\/en\/?s={search_term_string}"},"query-input":{"@type":"PropertyValueSpecification","valueRequired":true,"valueName":"search_term_string"}}],"inLanguage":"en-US"},{"@type":"Organization","@id":"https:\/\/sjv-maurelfreres.com\/en\/#organization","name":"SJV MAUREL FR\u00c8RES","url":"https:\/\/sjv-maurelfreres.com\/en\/","logo":{"@type":"ImageObject","inLanguage":"en-US","@id":"https:\/\/sjv-maurelfreres.com\/en\/#\/schema\/logo\/image\/","url":"https:\/\/sjv-maurelfreres.com\/wp-content\/uploads\/2024\/10\/2-2.png","contentUrl":"https:\/\/sjv-maurelfreres.com\/wp-content\/uploads\/2024\/10\/2-2.png","width":1350,"height":1080,"caption":"SJV MAUREL FR\u00c8RES"},"image":{"@id":"https:\/\/sjv-maurelfreres.com\/en\/#\/schema\/logo\/image\/"}}]}},"_links":{"self":[{"href":"https:\/\/sjv-maurelfreres.com\/en\/wp-json\/wp\/v2\/product\/1399","targetHints":{"allow":["GET"]}}],"collection":[{"href":"https:\/\/sjv-maurelfreres.com\/en\/wp-json\/wp\/v2\/product"}],"about":[{"href":"https:\/\/sjv-maurelfreres.com\/en\/wp-json\/wp\/v2\/types\/product"}],"wp:featuredmedia":[{"embeddable":true,"href":"https:\/\/sjv-maurelfreres.com\/en\/wp-json\/wp\/v2\/media\/1455"}],"wp:attachment":[{"href":"https:\/\/sjv-maurelfreres.com\/en\/wp-json\/wp\/v2\/media?parent=1399"}],"wp:term":[{"taxonomy":"product_brand","embeddable":true,"href":"https:\/\/sjv-maurelfreres.com\/en\/wp-json\/wp\/v2\/product_brand?post=1399"},{"taxonomy":"product_cat","embeddable":true,"href":"https:\/\/sjv-maurelfreres.com\/en\/wp-json\/wp\/v2\/product_cat?post=1399"},{"taxonomy":"product_tag","embeddable":true,"href":"https:\/\/sjv-maurelfreres.com\/en\/wp-json\/wp\/v2\/product_tag?post=1399"}],"curies":[{"name":"wp","href":"https:\/\/api.w.org\/{rel}","templated":true}]}}