{"id":1398,"date":"2025-01-15T13:40:49","date_gmt":"2025-01-15T12:40:49","guid":{"rendered":"https:\/\/maurelfreres.com\/?post_type=product&#038;p=1398"},"modified":"2025-11-20T12:57:04","modified_gmt":"2025-11-20T11:57:04","slug":"pinot-noir-harmonie-charles-frey","status":"publish","type":"product","link":"https:\/\/sjv-maurelfreres.com\/en\/produit\/pinot-noir-harmonie-charles-frey\/","title":{"rendered":"Pinot Noir Harmonie"},"content":{"rendered":"<p>100% Pinot Noir<\/p>\n<p>Alsace, France<\/p>\n<p><strong>Information en + : <\/strong>Ce Pinot Noir d\u2019Alsace se distingue par sa robe rubis \u00e9clatante et son profil \u00e9l\u00e9gant. Souple et fin, il met en valeur toute la d\u00e9licatesse du c\u00e9page dans une expression authentique des terroirs alsaciens.<\/p>\n<p>75 cl<\/p>\n","protected":false},"excerpt":{"rendered":"<p>Domaine Charles Frey<\/p>\n<p>2023<\/p>\n<p>AOC Alsace<\/p>\n","protected":false},"featured_media":1618,"template":"","meta":{"_acf_changed":false,"site-sidebar-layout":"default","site-content-layout":"","ast-site-content-layout":"default","site-content-style":"default","site-sidebar-style":"default","ast-global-header-display":"","ast-banner-title-visibility":"","ast-main-header-display":"","ast-hfb-above-header-display":"","ast-hfb-below-header-display":"","ast-hfb-mobile-header-display":"","site-post-title":"","ast-breadcrumbs-content":"","ast-featured-img":"","footer-sml-layout":"","ast-disable-related-posts":"","theme-transparent-header-meta":"default","adv-header-id-meta":"","stick-header-meta":"","header-above-stick-meta":"","header-main-stick-meta":"","header-below-stick-meta":"","astra-migrate-meta-layouts":"set","ast-page-background-enabled":"default","ast-page-background-meta":{"desktop":{"background-color":"var(--ast-global-color-4)","background-image":"","background-repeat":"repeat","background-position":"center center","background-size":"auto","background-attachment":"scroll","background-type":"","background-media":"","overlay-type":"","overlay-color":"","overlay-opacity":"","overlay-gradient":""},"tablet":{"background-color":"","background-image":"","background-repeat":"repeat","background-position":"center center","background-size":"auto","background-attachment":"scroll","background-type":"","background-media":"","overlay-type":"","overlay-color":"","overlay-opacity":"","overlay-gradient":""},"mobile":{"background-color":"","background-image":"","background-repeat":"repeat","background-position":"center center","background-size":"auto","background-attachment":"scroll","background-type":"","background-media":"","overlay-type":"","overlay-color":"","overlay-opacity":"","overlay-gradient":""}},"ast-content-background-meta":{"desktop":{"background-color":"var(--ast-global-color-5)","background-image":"","background-repeat":"repeat","background-position":"center center","background-size":"auto","background-attachment":"scroll","background-type":"","background-media":"","overlay-type":"","overlay-color":"","overlay-opacity":"","overlay-gradient":""},"tablet":{"background-color":"var(--ast-global-color-5)","background-image":"","background-repeat":"repeat","background-position":"center center","background-size":"auto","background-attachment":"scroll","background-type":"","background-media":"","overlay-type":"","overlay-color":"","overlay-opacity":"","overlay-gradient":""},"mobile":{"background-color":"var(--ast-global-color-5)","background-image":"","background-repeat":"repeat","background-position":"center center","background-size":"auto","background-attachment":"scroll","background-type":"","background-media":"","overlay-type":"","overlay-color":"","overlay-opacity":"","overlay-gradient":""}}},"product_brand":[],"product_cat":[27,31,134,72,76],"product_tag":[],"class_list":{"0":"post-1398","1":"product","2":"type-product","3":"status-publish","4":"has-post-thumbnail","6":"product_cat-vins-maurel-freres","7":"product_cat-vins-rouge","8":"product_cat-vins-alsacien","9":"product_cat-72","10":"product_cat-75-cl","11":"pa_poids-75-cl","12":"pa_region-alsace","13":"pa_vins-rouge","14":"desktop-align-center","15":"tablet-align-left","16":"mobile-align-left","18":"first","19":"instock","20":"taxable","21":"shipping-taxable","22":"purchasable","23":"product-type-simple"},"acf":[],"yoast_head":"<!-- This site is optimized with the Yoast SEO plugin v27.0 - https:\/\/yoast.com\/product\/yoast-seo-wordpress\/ -->\n<title>Pinot noir Harmonie, Domaine Charles Frey<\/title>\n<meta name=\"description\" content=\"D\u00e9couvrez le Pinot Noir Harmonie du Domaine Charles Frey, un vin \u00e9l\u00e9gant et d\u00e9licat, offrant une belle complexit\u00e9 de fruits rouges et une structure soyeuse.\" \/>\n<meta name=\"robots\" content=\"index, follow, max-snippet:-1, max-image-preview:large, max-video-preview:-1\" \/>\n<link rel=\"canonical\" href=\"https:\/\/sjv-maurelfreres.com\/en\/produit\/pinot-noir-harmonie-charles-frey\/\" \/>\n<meta property=\"og:locale\" content=\"en_US\" \/>\n<meta property=\"og:type\" content=\"article\" \/>\n<meta property=\"og:title\" content=\"Pinot noir Harmonie, Domaine Charles Frey\" \/>\n<meta property=\"og:description\" content=\"D\u00e9couvrez le Pinot Noir Harmonie du Domaine Charles Frey, un vin \u00e9l\u00e9gant et d\u00e9licat, offrant une belle complexit\u00e9 de fruits rouges et une structure soyeuse.\" \/>\n<meta property=\"og:url\" content=\"https:\/\/sjv-maurelfreres.com\/en\/produit\/pinot-noir-harmonie-charles-frey\/\" \/>\n<meta property=\"og:site_name\" content=\"SJV MAUREL FR\u00c8RES\" \/>\n<meta property=\"article:modified_time\" content=\"2025-11-20T11:57:04+00:00\" \/>\n<meta property=\"og:image\" content=\"https:\/\/sjv-maurelfreres.com\/wp-content\/uploads\/2025\/01\/Pinot-Noir-Harmonie.png\" \/>\n\t<meta property=\"og:image:width\" content=\"1080\" \/>\n\t<meta property=\"og:image:height\" content=\"1350\" \/>\n\t<meta property=\"og:image:type\" content=\"image\/png\" \/>\n<meta name=\"twitter:card\" content=\"summary_large_image\" \/>\n<meta name=\"twitter:label1\" content=\"Est. reading time\" \/>\n\t<meta name=\"twitter:data1\" content=\"1 minute\" \/>\n<script type=\"application\/ld+json\" class=\"yoast-schema-graph\">{\"@context\":\"https:\/\/schema.org\",\"@graph\":[{\"@type\":\"WebPage\",\"@id\":\"https:\/\/sjv-maurelfreres.com\/en\/produit\/pinot-noir-harmonie-charles-frey\/\",\"url\":\"https:\/\/sjv-maurelfreres.com\/en\/produit\/pinot-noir-harmonie-charles-frey\/\",\"name\":\"Pinot noir Harmonie, Domaine Charles Frey\",\"isPartOf\":{\"@id\":\"https:\/\/sjv-maurelfreres.com\/en\/#website\"},\"primaryImageOfPage\":{\"@id\":\"https:\/\/sjv-maurelfreres.com\/en\/produit\/pinot-noir-harmonie-charles-frey\/#primaryimage\"},\"image\":{\"@id\":\"https:\/\/sjv-maurelfreres.com\/en\/produit\/pinot-noir-harmonie-charles-frey\/#primaryimage\"},\"thumbnailUrl\":\"https:\/\/sjv-maurelfreres.com\/wp-content\/uploads\/2025\/01\/Pinot-Noir-Harmonie.png\",\"datePublished\":\"2025-01-15T12:40:49+00:00\",\"dateModified\":\"2025-11-20T11:57:04+00:00\",\"description\":\"D\u00e9couvrez le Pinot Noir Harmonie du Domaine Charles Frey, un vin \u00e9l\u00e9gant et d\u00e9licat, offrant une belle complexit\u00e9 de fruits rouges et une structure soyeuse.\",\"breadcrumb\":{\"@id\":\"https:\/\/sjv-maurelfreres.com\/en\/produit\/pinot-noir-harmonie-charles-frey\/#breadcrumb\"},\"inLanguage\":\"en-US\",\"potentialAction\":[{\"@type\":\"ReadAction\",\"target\":[\"https:\/\/sjv-maurelfreres.com\/en\/produit\/pinot-noir-harmonie-charles-frey\/\"]}]},{\"@type\":\"ImageObject\",\"inLanguage\":\"en-US\",\"@id\":\"https:\/\/sjv-maurelfreres.com\/en\/produit\/pinot-noir-harmonie-charles-frey\/#primaryimage\",\"url\":\"https:\/\/sjv-maurelfreres.com\/wp-content\/uploads\/2025\/01\/Pinot-Noir-Harmonie.png\",\"contentUrl\":\"https:\/\/sjv-maurelfreres.com\/wp-content\/uploads\/2025\/01\/Pinot-Noir-Harmonie.png\",\"width\":1080,\"height\":1350,\"caption\":\"Pinot noir Harmonie, Domaine Charles Frey\"},{\"@type\":\"BreadcrumbList\",\"@id\":\"https:\/\/sjv-maurelfreres.com\/en\/produit\/pinot-noir-harmonie-charles-frey\/#breadcrumb\",\"itemListElement\":[{\"@type\":\"ListItem\",\"position\":1,\"name\":\"Accueil\",\"item\":\"https:\/\/sjv-maurelfreres.com\/en\/home\/\"},{\"@type\":\"ListItem\",\"position\":2,\"name\":\"SHOP\",\"item\":\"https:\/\/sjv-maurelfreres.com\/en\/shop\/\"},{\"@type\":\"ListItem\",\"position\":3,\"name\":\"Pinot Noir Harmonie\"}]},{\"@type\":\"WebSite\",\"@id\":\"https:\/\/sjv-maurelfreres.com\/en\/#website\",\"url\":\"https:\/\/sjv-maurelfreres.com\/en\/\",\"name\":\"SJV MAUREL FR\u00c8RES\",\"description\":\"\",\"publisher\":{\"@id\":\"https:\/\/sjv-maurelfreres.com\/en\/#organization\"},\"potentialAction\":[{\"@type\":\"SearchAction\",\"target\":{\"@type\":\"EntryPoint\",\"urlTemplate\":\"https:\/\/sjv-maurelfreres.com\/en\/?s={search_term_string}\"},\"query-input\":{\"@type\":\"PropertyValueSpecification\",\"valueRequired\":true,\"valueName\":\"search_term_string\"}}],\"inLanguage\":\"en-US\"},{\"@type\":\"Organization\",\"@id\":\"https:\/\/sjv-maurelfreres.com\/en\/#organization\",\"name\":\"SJV MAUREL FR\u00c8RES\",\"url\":\"https:\/\/sjv-maurelfreres.com\/en\/\",\"logo\":{\"@type\":\"ImageObject\",\"inLanguage\":\"en-US\",\"@id\":\"https:\/\/sjv-maurelfreres.com\/en\/#\/schema\/logo\/image\/\",\"url\":\"https:\/\/sjv-maurelfreres.com\/wp-content\/uploads\/2024\/10\/2-2.png\",\"contentUrl\":\"https:\/\/sjv-maurelfreres.com\/wp-content\/uploads\/2024\/10\/2-2.png\",\"width\":1350,\"height\":1080,\"caption\":\"SJV MAUREL FR\u00c8RES\"},\"image\":{\"@id\":\"https:\/\/sjv-maurelfreres.com\/en\/#\/schema\/logo\/image\/\"}}]}<\/script>\n<!-- \/ Yoast SEO plugin. -->","yoast_head_json":{"title":"Pinot noir Harmonie, Domaine Charles Frey","description":"D\u00e9couvrez le Pinot Noir Harmonie du Domaine Charles Frey, un vin \u00e9l\u00e9gant et d\u00e9licat, offrant une belle complexit\u00e9 de fruits rouges et une structure soyeuse.","robots":{"index":"index","follow":"follow","max-snippet":"max-snippet:-1","max-image-preview":"max-image-preview:large","max-video-preview":"max-video-preview:-1"},"canonical":"https:\/\/sjv-maurelfreres.com\/en\/produit\/pinot-noir-harmonie-charles-frey\/","og_locale":"en_US","og_type":"article","og_title":"Pinot noir Harmonie, Domaine Charles Frey","og_description":"D\u00e9couvrez le Pinot Noir Harmonie du Domaine Charles Frey, un vin \u00e9l\u00e9gant et d\u00e9licat, offrant une belle complexit\u00e9 de fruits rouges et une structure soyeuse.","og_url":"https:\/\/sjv-maurelfreres.com\/en\/produit\/pinot-noir-harmonie-charles-frey\/","og_site_name":"SJV MAUREL FR\u00c8RES","article_modified_time":"2025-11-20T11:57:04+00:00","og_image":[{"width":1080,"height":1350,"url":"https:\/\/sjv-maurelfreres.com\/wp-content\/uploads\/2025\/01\/Pinot-Noir-Harmonie.png","type":"image\/png"}],"twitter_card":"summary_large_image","twitter_misc":{"Est. reading time":"1 minute"},"schema":{"@context":"https:\/\/schema.org","@graph":[{"@type":"WebPage","@id":"https:\/\/sjv-maurelfreres.com\/en\/produit\/pinot-noir-harmonie-charles-frey\/","url":"https:\/\/sjv-maurelfreres.com\/en\/produit\/pinot-noir-harmonie-charles-frey\/","name":"Pinot noir Harmonie, Domaine Charles Frey","isPartOf":{"@id":"https:\/\/sjv-maurelfreres.com\/en\/#website"},"primaryImageOfPage":{"@id":"https:\/\/sjv-maurelfreres.com\/en\/produit\/pinot-noir-harmonie-charles-frey\/#primaryimage"},"image":{"@id":"https:\/\/sjv-maurelfreres.com\/en\/produit\/pinot-noir-harmonie-charles-frey\/#primaryimage"},"thumbnailUrl":"https:\/\/sjv-maurelfreres.com\/wp-content\/uploads\/2025\/01\/Pinot-Noir-Harmonie.png","datePublished":"2025-01-15T12:40:49+00:00","dateModified":"2025-11-20T11:57:04+00:00","description":"D\u00e9couvrez le Pinot Noir Harmonie du Domaine Charles Frey, un vin \u00e9l\u00e9gant et d\u00e9licat, offrant une belle complexit\u00e9 de fruits rouges et une structure soyeuse.","breadcrumb":{"@id":"https:\/\/sjv-maurelfreres.com\/en\/produit\/pinot-noir-harmonie-charles-frey\/#breadcrumb"},"inLanguage":"en-US","potentialAction":[{"@type":"ReadAction","target":["https:\/\/sjv-maurelfreres.com\/en\/produit\/pinot-noir-harmonie-charles-frey\/"]}]},{"@type":"ImageObject","inLanguage":"en-US","@id":"https:\/\/sjv-maurelfreres.com\/en\/produit\/pinot-noir-harmonie-charles-frey\/#primaryimage","url":"https:\/\/sjv-maurelfreres.com\/wp-content\/uploads\/2025\/01\/Pinot-Noir-Harmonie.png","contentUrl":"https:\/\/sjv-maurelfreres.com\/wp-content\/uploads\/2025\/01\/Pinot-Noir-Harmonie.png","width":1080,"height":1350,"caption":"Pinot noir Harmonie, Domaine Charles Frey"},{"@type":"BreadcrumbList","@id":"https:\/\/sjv-maurelfreres.com\/en\/produit\/pinot-noir-harmonie-charles-frey\/#breadcrumb","itemListElement":[{"@type":"ListItem","position":1,"name":"Accueil","item":"https:\/\/sjv-maurelfreres.com\/en\/home\/"},{"@type":"ListItem","position":2,"name":"SHOP","item":"https:\/\/sjv-maurelfreres.com\/en\/shop\/"},{"@type":"ListItem","position":3,"name":"Pinot Noir Harmonie"}]},{"@type":"WebSite","@id":"https:\/\/sjv-maurelfreres.com\/en\/#website","url":"https:\/\/sjv-maurelfreres.com\/en\/","name":"SJV MAUREL FR\u00c8RES","description":"","publisher":{"@id":"https:\/\/sjv-maurelfreres.com\/en\/#organization"},"potentialAction":[{"@type":"SearchAction","target":{"@type":"EntryPoint","urlTemplate":"https:\/\/sjv-maurelfreres.com\/en\/?s={search_term_string}"},"query-input":{"@type":"PropertyValueSpecification","valueRequired":true,"valueName":"search_term_string"}}],"inLanguage":"en-US"},{"@type":"Organization","@id":"https:\/\/sjv-maurelfreres.com\/en\/#organization","name":"SJV MAUREL FR\u00c8RES","url":"https:\/\/sjv-maurelfreres.com\/en\/","logo":{"@type":"ImageObject","inLanguage":"en-US","@id":"https:\/\/sjv-maurelfreres.com\/en\/#\/schema\/logo\/image\/","url":"https:\/\/sjv-maurelfreres.com\/wp-content\/uploads\/2024\/10\/2-2.png","contentUrl":"https:\/\/sjv-maurelfreres.com\/wp-content\/uploads\/2024\/10\/2-2.png","width":1350,"height":1080,"caption":"SJV MAUREL FR\u00c8RES"},"image":{"@id":"https:\/\/sjv-maurelfreres.com\/en\/#\/schema\/logo\/image\/"}}]}},"_links":{"self":[{"href":"https:\/\/sjv-maurelfreres.com\/en\/wp-json\/wp\/v2\/product\/1398","targetHints":{"allow":["GET"]}}],"collection":[{"href":"https:\/\/sjv-maurelfreres.com\/en\/wp-json\/wp\/v2\/product"}],"about":[{"href":"https:\/\/sjv-maurelfreres.com\/en\/wp-json\/wp\/v2\/types\/product"}],"wp:featuredmedia":[{"embeddable":true,"href":"https:\/\/sjv-maurelfreres.com\/en\/wp-json\/wp\/v2\/media\/1618"}],"wp:attachment":[{"href":"https:\/\/sjv-maurelfreres.com\/en\/wp-json\/wp\/v2\/media?parent=1398"}],"wp:term":[{"taxonomy":"product_brand","embeddable":true,"href":"https:\/\/sjv-maurelfreres.com\/en\/wp-json\/wp\/v2\/product_brand?post=1398"},{"taxonomy":"product_cat","embeddable":true,"href":"https:\/\/sjv-maurelfreres.com\/en\/wp-json\/wp\/v2\/product_cat?post=1398"},{"taxonomy":"product_tag","embeddable":true,"href":"https:\/\/sjv-maurelfreres.com\/en\/wp-json\/wp\/v2\/product_tag?post=1398"}],"curies":[{"name":"wp","href":"https:\/\/api.w.org\/{rel}","templated":true}]}}