{"id":1390,"date":"2025-01-15T13:17:21","date_gmt":"2025-01-15T12:17:21","guid":{"rendered":"https:\/\/maurelfreres.com\/?post_type=product&#038;p=1390"},"modified":"2025-11-19T14:20:48","modified_gmt":"2025-11-19T13:20:48","slug":"millesime-champagne-bernard-lonclas","status":"publish","type":"product","link":"https:\/\/sjv-maurelfreres.com\/en\/produit\/millesime-champagne-bernard-lonclas\/","title":{"rendered":"Mill\u00e9sim\u00e9"},"content":{"rendered":"<p>80% Chardonnay &amp; 20% Pinot Meunier<\/p>\n<p>Champagne, Franc e<\/p>\n<p><strong>Information en + :<\/strong> ce Champagne Mill\u00e9sim\u00e9 du Domaine Bernard Lonclas b\u00e9n\u00e9ficie d\u2019un vieillissement minimum de <strong data-start=\"325\" data-end=\"347\">6 ans en bouteille<\/strong>, gage d\u2019\u00e9l\u00e9gance et de complexit\u00e9. Sa longue maturation r\u00e9v\u00e8le tout le savoir-faire de la maison et offre un champagne raffin\u00e9, id\u00e9al pour les grandes occasions.<\/p>\n<p>&nbsp;<\/p>\n","protected":false},"excerpt":{"rendered":"<p>Domaine Bernard Lonclas<\/p>\n<p>NM<\/p>\n<p>AOC Champagne<\/p>\n","protected":false},"featured_media":1978,"template":"","meta":{"_acf_changed":false,"site-sidebar-layout":"default","site-content-layout":"","ast-site-content-layout":"default","site-content-style":"default","site-sidebar-style":"default","ast-global-header-display":"","ast-banner-title-visibility":"","ast-main-header-display":"","ast-hfb-above-header-display":"","ast-hfb-below-header-display":"","ast-hfb-mobile-header-display":"","site-post-title":"","ast-breadcrumbs-content":"","ast-featured-img":"","footer-sml-layout":"","ast-disable-related-posts":"","theme-transparent-header-meta":"default","adv-header-id-meta":"","stick-header-meta":"","header-above-stick-meta":"","header-main-stick-meta":"","header-below-stick-meta":"","astra-migrate-meta-layouts":"set","ast-page-background-enabled":"default","ast-page-background-meta":{"desktop":{"background-color":"var(--ast-global-color-4)","background-image":"","background-repeat":"repeat","background-position":"center center","background-size":"auto","background-attachment":"scroll","background-type":"","background-media":"","overlay-type":"","overlay-color":"","overlay-opacity":"","overlay-gradient":""},"tablet":{"background-color":"","background-image":"","background-repeat":"repeat","background-position":"center center","background-size":"auto","background-attachment":"scroll","background-type":"","background-media":"","overlay-type":"","overlay-color":"","overlay-opacity":"","overlay-gradient":""},"mobile":{"background-color":"","background-image":"","background-repeat":"repeat","background-position":"center center","background-size":"auto","background-attachment":"scroll","background-type":"","background-media":"","overlay-type":"","overlay-color":"","overlay-opacity":"","overlay-gradient":""}},"ast-content-background-meta":{"desktop":{"background-color":"var(--ast-global-color-5)","background-image":"","background-repeat":"repeat","background-position":"center center","background-size":"auto","background-attachment":"scroll","background-type":"","background-media":"","overlay-type":"","overlay-color":"","overlay-opacity":"","overlay-gradient":""},"tablet":{"background-color":"var(--ast-global-color-5)","background-image":"","background-repeat":"repeat","background-position":"center center","background-size":"auto","background-attachment":"scroll","background-type":"","background-media":"","overlay-type":"","overlay-color":"","overlay-opacity":"","overlay-gradient":""},"mobile":{"background-color":"var(--ast-global-color-5)","background-image":"","background-repeat":"repeat","background-position":"center center","background-size":"auto","background-attachment":"scroll","background-type":"","background-media":"","overlay-type":"","overlay-color":"","overlay-opacity":"","overlay-gradient":""}}},"product_brand":[],"product_cat":[27,125,142,76],"product_tag":[],"class_list":{"0":"post-1390","1":"product","2":"type-product","3":"status-publish","4":"has-post-thumbnail","6":"product_cat-vins-maurel-freres","7":"product_cat-vins-petillant","8":"product_cat-champagne","9":"product_cat-75-cl","10":"pa_poids-75-cl","11":"pa_region-champagne","12":"pa_vins-blanc","13":"desktop-align-center","14":"tablet-align-left","15":"mobile-align-left","17":"first","18":"instock","19":"taxable","20":"shipping-taxable","21":"purchasable","22":"product-type-simple"},"acf":[],"yoast_head":"<!-- This site is optimized with the Yoast SEO plugin v27.0 - https:\/\/yoast.com\/product\/yoast-seo-wordpress\/ -->\n<title>Champagne Mill\u00e9sim\u00e9 Domaine Bernard Lonclas\u00a0<\/title>\n<meta name=\"description\" content=\"Appr\u00e9ciez le Champagne Mill\u00e9sim\u00e9 du Domaine Bernard Lonclas, une cuv\u00e9e rare et \u00e9l\u00e9gante qui refl\u00e8te l\u2019excellence d\u2019une ann\u00e9e exceptionnelle.\" \/>\n<meta name=\"robots\" content=\"index, follow, max-snippet:-1, max-image-preview:large, max-video-preview:-1\" \/>\n<link rel=\"canonical\" href=\"https:\/\/sjv-maurelfreres.com\/en\/produit\/millesime-champagne-bernard-lonclas\/\" \/>\n<meta property=\"og:locale\" content=\"en_US\" \/>\n<meta property=\"og:type\" content=\"article\" \/>\n<meta property=\"og:title\" content=\"Champagne Mill\u00e9sim\u00e9 Domaine Bernard Lonclas\u00a0\" \/>\n<meta property=\"og:description\" content=\"Appr\u00e9ciez le Champagne Mill\u00e9sim\u00e9 du Domaine Bernard Lonclas, une cuv\u00e9e rare et \u00e9l\u00e9gante qui refl\u00e8te l\u2019excellence d\u2019une ann\u00e9e exceptionnelle.\" \/>\n<meta property=\"og:url\" content=\"https:\/\/sjv-maurelfreres.com\/en\/produit\/millesime-champagne-bernard-lonclas\/\" \/>\n<meta property=\"og:site_name\" content=\"SJV MAUREL FR\u00c8RES\" \/>\n<meta property=\"article:modified_time\" content=\"2025-11-19T13:20:48+00:00\" \/>\n<meta property=\"og:image\" content=\"https:\/\/sjv-maurelfreres.com\/wp-content\/uploads\/2025\/01\/Lancement.png\" \/>\n\t<meta property=\"og:image:width\" content=\"1080\" \/>\n\t<meta property=\"og:image:height\" content=\"1080\" \/>\n\t<meta property=\"og:image:type\" content=\"image\/png\" \/>\n<meta name=\"twitter:card\" content=\"summary_large_image\" \/>\n<meta name=\"twitter:label1\" content=\"Est. reading time\" \/>\n\t<meta name=\"twitter:data1\" content=\"1 minute\" \/>\n<script type=\"application\/ld+json\" class=\"yoast-schema-graph\">{\"@context\":\"https:\/\/schema.org\",\"@graph\":[{\"@type\":\"WebPage\",\"@id\":\"https:\/\/sjv-maurelfreres.com\/en\/produit\/millesime-champagne-bernard-lonclas\/\",\"url\":\"https:\/\/sjv-maurelfreres.com\/en\/produit\/millesime-champagne-bernard-lonclas\/\",\"name\":\"Champagne Mill\u00e9sim\u00e9 Domaine Bernard Lonclas\u00a0\",\"isPartOf\":{\"@id\":\"https:\/\/sjv-maurelfreres.com\/en\/#website\"},\"primaryImageOfPage\":{\"@id\":\"https:\/\/sjv-maurelfreres.com\/en\/produit\/millesime-champagne-bernard-lonclas\/#primaryimage\"},\"image\":{\"@id\":\"https:\/\/sjv-maurelfreres.com\/en\/produit\/millesime-champagne-bernard-lonclas\/#primaryimage\"},\"thumbnailUrl\":\"https:\/\/sjv-maurelfreres.com\/wp-content\/uploads\/2025\/01\/Lancement.png\",\"datePublished\":\"2025-01-15T12:17:21+00:00\",\"dateModified\":\"2025-11-19T13:20:48+00:00\",\"description\":\"Appr\u00e9ciez le Champagne Mill\u00e9sim\u00e9 du Domaine Bernard Lonclas, une cuv\u00e9e rare et \u00e9l\u00e9gante qui refl\u00e8te l\u2019excellence d\u2019une ann\u00e9e exceptionnelle.\",\"breadcrumb\":{\"@id\":\"https:\/\/sjv-maurelfreres.com\/en\/produit\/millesime-champagne-bernard-lonclas\/#breadcrumb\"},\"inLanguage\":\"en-US\",\"potentialAction\":[{\"@type\":\"ReadAction\",\"target\":[\"https:\/\/sjv-maurelfreres.com\/en\/produit\/millesime-champagne-bernard-lonclas\/\"]}]},{\"@type\":\"ImageObject\",\"inLanguage\":\"en-US\",\"@id\":\"https:\/\/sjv-maurelfreres.com\/en\/produit\/millesime-champagne-bernard-lonclas\/#primaryimage\",\"url\":\"https:\/\/sjv-maurelfreres.com\/wp-content\/uploads\/2025\/01\/Lancement.png\",\"contentUrl\":\"https:\/\/sjv-maurelfreres.com\/wp-content\/uploads\/2025\/01\/Lancement.png\",\"width\":1080,\"height\":1080,\"caption\":\"Champagne Bernard Lonclas Mill\u00e9sime\"},{\"@type\":\"BreadcrumbList\",\"@id\":\"https:\/\/sjv-maurelfreres.com\/en\/produit\/millesime-champagne-bernard-lonclas\/#breadcrumb\",\"itemListElement\":[{\"@type\":\"ListItem\",\"position\":1,\"name\":\"Accueil\",\"item\":\"https:\/\/sjv-maurelfreres.com\/en\/home\/\"},{\"@type\":\"ListItem\",\"position\":2,\"name\":\"SHOP\",\"item\":\"https:\/\/sjv-maurelfreres.com\/en\/shop\/\"},{\"@type\":\"ListItem\",\"position\":3,\"name\":\"Mill\u00e9sim\u00e9\"}]},{\"@type\":\"WebSite\",\"@id\":\"https:\/\/sjv-maurelfreres.com\/en\/#website\",\"url\":\"https:\/\/sjv-maurelfreres.com\/en\/\",\"name\":\"SJV MAUREL FR\u00c8RES\",\"description\":\"\",\"publisher\":{\"@id\":\"https:\/\/sjv-maurelfreres.com\/en\/#organization\"},\"potentialAction\":[{\"@type\":\"SearchAction\",\"target\":{\"@type\":\"EntryPoint\",\"urlTemplate\":\"https:\/\/sjv-maurelfreres.com\/en\/?s={search_term_string}\"},\"query-input\":{\"@type\":\"PropertyValueSpecification\",\"valueRequired\":true,\"valueName\":\"search_term_string\"}}],\"inLanguage\":\"en-US\"},{\"@type\":\"Organization\",\"@id\":\"https:\/\/sjv-maurelfreres.com\/en\/#organization\",\"name\":\"SJV MAUREL FR\u00c8RES\",\"url\":\"https:\/\/sjv-maurelfreres.com\/en\/\",\"logo\":{\"@type\":\"ImageObject\",\"inLanguage\":\"en-US\",\"@id\":\"https:\/\/sjv-maurelfreres.com\/en\/#\/schema\/logo\/image\/\",\"url\":\"https:\/\/sjv-maurelfreres.com\/wp-content\/uploads\/2024\/10\/2-2.png\",\"contentUrl\":\"https:\/\/sjv-maurelfreres.com\/wp-content\/uploads\/2024\/10\/2-2.png\",\"width\":1350,\"height\":1080,\"caption\":\"SJV MAUREL FR\u00c8RES\"},\"image\":{\"@id\":\"https:\/\/sjv-maurelfreres.com\/en\/#\/schema\/logo\/image\/\"}}]}<\/script>\n<!-- \/ Yoast SEO plugin. -->","yoast_head_json":{"title":"Champagne Mill\u00e9sim\u00e9 Domaine Bernard Lonclas\u00a0","description":"Appr\u00e9ciez le Champagne Mill\u00e9sim\u00e9 du Domaine Bernard Lonclas, une cuv\u00e9e rare et \u00e9l\u00e9gante qui refl\u00e8te l\u2019excellence d\u2019une ann\u00e9e exceptionnelle.","robots":{"index":"index","follow":"follow","max-snippet":"max-snippet:-1","max-image-preview":"max-image-preview:large","max-video-preview":"max-video-preview:-1"},"canonical":"https:\/\/sjv-maurelfreres.com\/en\/produit\/millesime-champagne-bernard-lonclas\/","og_locale":"en_US","og_type":"article","og_title":"Champagne Mill\u00e9sim\u00e9 Domaine Bernard Lonclas\u00a0","og_description":"Appr\u00e9ciez le Champagne Mill\u00e9sim\u00e9 du Domaine Bernard Lonclas, une cuv\u00e9e rare et \u00e9l\u00e9gante qui refl\u00e8te l\u2019excellence d\u2019une ann\u00e9e exceptionnelle.","og_url":"https:\/\/sjv-maurelfreres.com\/en\/produit\/millesime-champagne-bernard-lonclas\/","og_site_name":"SJV MAUREL FR\u00c8RES","article_modified_time":"2025-11-19T13:20:48+00:00","og_image":[{"width":1080,"height":1080,"url":"https:\/\/sjv-maurelfreres.com\/wp-content\/uploads\/2025\/01\/Lancement.png","type":"image\/png"}],"twitter_card":"summary_large_image","twitter_misc":{"Est. reading time":"1 minute"},"schema":{"@context":"https:\/\/schema.org","@graph":[{"@type":"WebPage","@id":"https:\/\/sjv-maurelfreres.com\/en\/produit\/millesime-champagne-bernard-lonclas\/","url":"https:\/\/sjv-maurelfreres.com\/en\/produit\/millesime-champagne-bernard-lonclas\/","name":"Champagne Mill\u00e9sim\u00e9 Domaine Bernard Lonclas\u00a0","isPartOf":{"@id":"https:\/\/sjv-maurelfreres.com\/en\/#website"},"primaryImageOfPage":{"@id":"https:\/\/sjv-maurelfreres.com\/en\/produit\/millesime-champagne-bernard-lonclas\/#primaryimage"},"image":{"@id":"https:\/\/sjv-maurelfreres.com\/en\/produit\/millesime-champagne-bernard-lonclas\/#primaryimage"},"thumbnailUrl":"https:\/\/sjv-maurelfreres.com\/wp-content\/uploads\/2025\/01\/Lancement.png","datePublished":"2025-01-15T12:17:21+00:00","dateModified":"2025-11-19T13:20:48+00:00","description":"Appr\u00e9ciez le Champagne Mill\u00e9sim\u00e9 du Domaine Bernard Lonclas, une cuv\u00e9e rare et \u00e9l\u00e9gante qui refl\u00e8te l\u2019excellence d\u2019une ann\u00e9e exceptionnelle.","breadcrumb":{"@id":"https:\/\/sjv-maurelfreres.com\/en\/produit\/millesime-champagne-bernard-lonclas\/#breadcrumb"},"inLanguage":"en-US","potentialAction":[{"@type":"ReadAction","target":["https:\/\/sjv-maurelfreres.com\/en\/produit\/millesime-champagne-bernard-lonclas\/"]}]},{"@type":"ImageObject","inLanguage":"en-US","@id":"https:\/\/sjv-maurelfreres.com\/en\/produit\/millesime-champagne-bernard-lonclas\/#primaryimage","url":"https:\/\/sjv-maurelfreres.com\/wp-content\/uploads\/2025\/01\/Lancement.png","contentUrl":"https:\/\/sjv-maurelfreres.com\/wp-content\/uploads\/2025\/01\/Lancement.png","width":1080,"height":1080,"caption":"Champagne Bernard Lonclas Mill\u00e9sime"},{"@type":"BreadcrumbList","@id":"https:\/\/sjv-maurelfreres.com\/en\/produit\/millesime-champagne-bernard-lonclas\/#breadcrumb","itemListElement":[{"@type":"ListItem","position":1,"name":"Accueil","item":"https:\/\/sjv-maurelfreres.com\/en\/home\/"},{"@type":"ListItem","position":2,"name":"SHOP","item":"https:\/\/sjv-maurelfreres.com\/en\/shop\/"},{"@type":"ListItem","position":3,"name":"Mill\u00e9sim\u00e9"}]},{"@type":"WebSite","@id":"https:\/\/sjv-maurelfreres.com\/en\/#website","url":"https:\/\/sjv-maurelfreres.com\/en\/","name":"SJV MAUREL FR\u00c8RES","description":"","publisher":{"@id":"https:\/\/sjv-maurelfreres.com\/en\/#organization"},"potentialAction":[{"@type":"SearchAction","target":{"@type":"EntryPoint","urlTemplate":"https:\/\/sjv-maurelfreres.com\/en\/?s={search_term_string}"},"query-input":{"@type":"PropertyValueSpecification","valueRequired":true,"valueName":"search_term_string"}}],"inLanguage":"en-US"},{"@type":"Organization","@id":"https:\/\/sjv-maurelfreres.com\/en\/#organization","name":"SJV MAUREL FR\u00c8RES","url":"https:\/\/sjv-maurelfreres.com\/en\/","logo":{"@type":"ImageObject","inLanguage":"en-US","@id":"https:\/\/sjv-maurelfreres.com\/en\/#\/schema\/logo\/image\/","url":"https:\/\/sjv-maurelfreres.com\/wp-content\/uploads\/2024\/10\/2-2.png","contentUrl":"https:\/\/sjv-maurelfreres.com\/wp-content\/uploads\/2024\/10\/2-2.png","width":1350,"height":1080,"caption":"SJV MAUREL FR\u00c8RES"},"image":{"@id":"https:\/\/sjv-maurelfreres.com\/en\/#\/schema\/logo\/image\/"}}]}},"_links":{"self":[{"href":"https:\/\/sjv-maurelfreres.com\/en\/wp-json\/wp\/v2\/product\/1390","targetHints":{"allow":["GET"]}}],"collection":[{"href":"https:\/\/sjv-maurelfreres.com\/en\/wp-json\/wp\/v2\/product"}],"about":[{"href":"https:\/\/sjv-maurelfreres.com\/en\/wp-json\/wp\/v2\/types\/product"}],"wp:featuredmedia":[{"embeddable":true,"href":"https:\/\/sjv-maurelfreres.com\/en\/wp-json\/wp\/v2\/media\/1978"}],"wp:attachment":[{"href":"https:\/\/sjv-maurelfreres.com\/en\/wp-json\/wp\/v2\/media?parent=1390"}],"wp:term":[{"taxonomy":"product_brand","embeddable":true,"href":"https:\/\/sjv-maurelfreres.com\/en\/wp-json\/wp\/v2\/product_brand?post=1390"},{"taxonomy":"product_cat","embeddable":true,"href":"https:\/\/sjv-maurelfreres.com\/en\/wp-json\/wp\/v2\/product_cat?post=1390"},{"taxonomy":"product_tag","embeddable":true,"href":"https:\/\/sjv-maurelfreres.com\/en\/wp-json\/wp\/v2\/product_tag?post=1390"}],"curies":[{"name":"wp","href":"https:\/\/api.w.org\/{rel}","templated":true}]}}