{"id":1375,"date":"2025-01-14T11:07:27","date_gmt":"2025-01-14T10:07:27","guid":{"rendered":"https:\/\/maurelfreres.com\/?post_type=product&#038;p=1375"},"modified":"2025-10-31T11:33:47","modified_gmt":"2025-10-31T10:33:47","slug":"chiroubles-indigene-loire","status":"publish","type":"product","link":"https:\/\/sjv-maurelfreres.com\/en\/produit\/chiroubles-indigene-loire\/","title":{"rendered":"Chiroubles Indig\u00e8ne"},"content":{"rendered":"<p>100% Gamay<\/p>\n<p>Loire, France<\/p>\n<p><strong>Information en +<\/strong> : Cette cuv\u00e9e, nature, d\u00e9veloppe une palette aromatique assez large, issue de la mac\u00e9ration carbonique et de la diversit\u00e9 des levures indig\u00e8nes. Les tannins fondus et l\u2019absence de filtration et de sulfitage \u00e0 la mise en bouteille permettent de l\u2019appr\u00e9cier d\u00e8s sa premi\u00e8re ann\u00e9e et conf\u00e8re \u00e0 ce Chiroubles complexe une pl\u00e9nitude en bouche, sans oublier l\u2019essentiel : le plaisir.<\/p>\n<p>75 cL \/ 1,5 L<\/p>\n","protected":false},"excerpt":{"rendered":"<p><strong><a href=\"https:\/\/javernand.com\">Domaine le Ch\u00e2teau de Javernand<\/a><\/strong><\/p>\n<p>2022 &amp; 2023<\/p>\n<p>AOC Chiroubles<\/p>\n","protected":false},"featured_media":2139,"template":"","meta":{"_acf_changed":false,"site-sidebar-layout":"default","site-content-layout":"","ast-site-content-layout":"default","site-content-style":"default","site-sidebar-style":"default","ast-global-header-display":"","ast-banner-title-visibility":"","ast-main-header-display":"","ast-hfb-above-header-display":"","ast-hfb-below-header-display":"","ast-hfb-mobile-header-display":"","site-post-title":"","ast-breadcrumbs-content":"","ast-featured-img":"","footer-sml-layout":"","ast-disable-related-posts":"","theme-transparent-header-meta":"default","adv-header-id-meta":"","stick-header-meta":"","header-above-stick-meta":"","header-main-stick-meta":"","header-below-stick-meta":"","astra-migrate-meta-layouts":"set","ast-page-background-enabled":"default","ast-page-background-meta":{"desktop":{"background-color":"var(--ast-global-color-4)","background-image":"","background-repeat":"repeat","background-position":"center center","background-size":"auto","background-attachment":"scroll","background-type":"","background-media":"","overlay-type":"","overlay-color":"","overlay-opacity":"","overlay-gradient":""},"tablet":{"background-color":"","background-image":"","background-repeat":"repeat","background-position":"center center","background-size":"auto","background-attachment":"scroll","background-type":"","background-media":"","overlay-type":"","overlay-color":"","overlay-opacity":"","overlay-gradient":""},"mobile":{"background-color":"","background-image":"","background-repeat":"repeat","background-position":"center center","background-size":"auto","background-attachment":"scroll","background-type":"","background-media":"","overlay-type":"","overlay-color":"","overlay-opacity":"","overlay-gradient":""}},"ast-content-background-meta":{"desktop":{"background-color":"var(--ast-global-color-5)","background-image":"","background-repeat":"repeat","background-position":"center center","background-size":"auto","background-attachment":"scroll","background-type":"","background-media":"","overlay-type":"","overlay-color":"","overlay-opacity":"","overlay-gradient":""},"tablet":{"background-color":"var(--ast-global-color-5)","background-image":"","background-repeat":"repeat","background-position":"center center","background-size":"auto","background-attachment":"scroll","background-type":"","background-media":"","overlay-type":"","overlay-color":"","overlay-opacity":"","overlay-gradient":""},"mobile":{"background-color":"var(--ast-global-color-5)","background-image":"","background-repeat":"repeat","background-position":"center center","background-size":"auto","background-attachment":"scroll","background-type":"","background-media":"","overlay-type":"","overlay-color":"","overlay-opacity":"","overlay-gradient":""}}},"product_brand":[],"product_cat":[27,31,135,71,76,77],"product_tag":[],"class_list":{"0":"post-1375","1":"product","2":"type-product","3":"status-publish","4":"has-post-thumbnail","6":"product_cat-vins-maurel-freres","7":"product_cat-vins-rouge","8":"product_cat-vins-de-loire","9":"product_cat-71","10":"product_cat-75-cl","11":"product_cat-150-cl","12":"pa_millesime-107","13":"pa_millesime-106","14":"desktop-align-center","15":"tablet-align-left","16":"mobile-align-left","18":"first","19":"instock","20":"taxable","21":"shipping-taxable","22":"purchasable","23":"product-type-variable"},"acf":[],"yoast_head":"<!-- This site is optimized with the Yoast SEO plugin v27.0 - https:\/\/yoast.com\/product\/yoast-seo-wordpress\/ -->\n<title>Chiroubles Indig\u00e8ne Loire Chateau de Javernand<\/title>\n<meta name=\"description\" content=\"Le Chiroubles Indig\u00e8ne est un vin de Loire du Domaine le Ch\u00e2teau de Javernand. Cette cuv\u00e9e, nature, d\u00e9veloppe une palette aromatique assez large.\" \/>\n<meta name=\"robots\" content=\"index, follow, max-snippet:-1, max-image-preview:large, max-video-preview:-1\" \/>\n<link rel=\"canonical\" href=\"https:\/\/sjv-maurelfreres.com\/en\/produit\/chiroubles-indigene-loire\/\" \/>\n<meta property=\"og:locale\" content=\"en_US\" \/>\n<meta property=\"og:type\" content=\"article\" \/>\n<meta property=\"og:title\" content=\"Chiroubles Indig\u00e8ne Loire Chateau de Javernand\" \/>\n<meta property=\"og:description\" content=\"Le Chiroubles Indig\u00e8ne est un vin de Loire du Domaine le Ch\u00e2teau de Javernand. Cette cuv\u00e9e, nature, d\u00e9veloppe une palette aromatique assez large.\" \/>\n<meta property=\"og:url\" content=\"https:\/\/sjv-maurelfreres.com\/en\/produit\/chiroubles-indigene-loire\/\" \/>\n<meta property=\"og:site_name\" content=\"SJV MAUREL FR\u00c8RES\" \/>\n<meta property=\"article:modified_time\" content=\"2025-10-31T10:33:47+00:00\" \/>\n<meta property=\"og:image\" content=\"https:\/\/sjv-maurelfreres.com\/wp-content\/uploads\/2025\/01\/chiroubles-indigene.png\" \/>\n\t<meta property=\"og:image:width\" content=\"1080\" \/>\n\t<meta property=\"og:image:height\" content=\"1080\" \/>\n\t<meta property=\"og:image:type\" content=\"image\/png\" \/>\n<meta name=\"twitter:card\" content=\"summary_large_image\" \/>\n<meta name=\"twitter:label1\" content=\"Est. reading time\" \/>\n\t<meta name=\"twitter:data1\" content=\"1 minute\" \/>\n<script type=\"application\/ld+json\" class=\"yoast-schema-graph\">{\"@context\":\"https:\/\/schema.org\",\"@graph\":[{\"@type\":\"WebPage\",\"@id\":\"https:\/\/sjv-maurelfreres.com\/en\/produit\/chiroubles-indigene-loire\/\",\"url\":\"https:\/\/sjv-maurelfreres.com\/en\/produit\/chiroubles-indigene-loire\/\",\"name\":\"Chiroubles Indig\u00e8ne Loire Chateau de Javernand\",\"isPartOf\":{\"@id\":\"https:\/\/sjv-maurelfreres.com\/en\/#website\"},\"primaryImageOfPage\":{\"@id\":\"https:\/\/sjv-maurelfreres.com\/en\/produit\/chiroubles-indigene-loire\/#primaryimage\"},\"image\":{\"@id\":\"https:\/\/sjv-maurelfreres.com\/en\/produit\/chiroubles-indigene-loire\/#primaryimage\"},\"thumbnailUrl\":\"https:\/\/sjv-maurelfreres.com\/wp-content\/uploads\/2025\/01\/chiroubles-indigene.png\",\"datePublished\":\"2025-01-14T10:07:27+00:00\",\"dateModified\":\"2025-10-31T10:33:47+00:00\",\"description\":\"Le Chiroubles Indig\u00e8ne est un vin de Loire du Domaine le Ch\u00e2teau de Javernand. Cette cuv\u00e9e, nature, d\u00e9veloppe une palette aromatique assez large.\",\"breadcrumb\":{\"@id\":\"https:\/\/sjv-maurelfreres.com\/en\/produit\/chiroubles-indigene-loire\/#breadcrumb\"},\"inLanguage\":\"en-US\",\"potentialAction\":[{\"@type\":\"ReadAction\",\"target\":[\"https:\/\/sjv-maurelfreres.com\/en\/produit\/chiroubles-indigene-loire\/\"]}]},{\"@type\":\"ImageObject\",\"inLanguage\":\"en-US\",\"@id\":\"https:\/\/sjv-maurelfreres.com\/en\/produit\/chiroubles-indigene-loire\/#primaryimage\",\"url\":\"https:\/\/sjv-maurelfreres.com\/wp-content\/uploads\/2025\/01\/chiroubles-indigene.png\",\"contentUrl\":\"https:\/\/sjv-maurelfreres.com\/wp-content\/uploads\/2025\/01\/chiroubles-indigene.png\",\"width\":1080,\"height\":1080,\"caption\":\"Chiroubles Indig\u00e8ne, Domaine le Ch\u00e2teau de Javernand\"},{\"@type\":\"BreadcrumbList\",\"@id\":\"https:\/\/sjv-maurelfreres.com\/en\/produit\/chiroubles-indigene-loire\/#breadcrumb\",\"itemListElement\":[{\"@type\":\"ListItem\",\"position\":1,\"name\":\"Accueil\",\"item\":\"https:\/\/sjv-maurelfreres.com\/en\/home\/\"},{\"@type\":\"ListItem\",\"position\":2,\"name\":\"SHOP\",\"item\":\"https:\/\/sjv-maurelfreres.com\/en\/shop\/\"},{\"@type\":\"ListItem\",\"position\":3,\"name\":\"Chiroubles Indig\u00e8ne\"}]},{\"@type\":\"WebSite\",\"@id\":\"https:\/\/sjv-maurelfreres.com\/en\/#website\",\"url\":\"https:\/\/sjv-maurelfreres.com\/en\/\",\"name\":\"SJV MAUREL FR\u00c8RES\",\"description\":\"\",\"publisher\":{\"@id\":\"https:\/\/sjv-maurelfreres.com\/en\/#organization\"},\"potentialAction\":[{\"@type\":\"SearchAction\",\"target\":{\"@type\":\"EntryPoint\",\"urlTemplate\":\"https:\/\/sjv-maurelfreres.com\/en\/?s={search_term_string}\"},\"query-input\":{\"@type\":\"PropertyValueSpecification\",\"valueRequired\":true,\"valueName\":\"search_term_string\"}}],\"inLanguage\":\"en-US\"},{\"@type\":\"Organization\",\"@id\":\"https:\/\/sjv-maurelfreres.com\/en\/#organization\",\"name\":\"SJV MAUREL FR\u00c8RES\",\"url\":\"https:\/\/sjv-maurelfreres.com\/en\/\",\"logo\":{\"@type\":\"ImageObject\",\"inLanguage\":\"en-US\",\"@id\":\"https:\/\/sjv-maurelfreres.com\/en\/#\/schema\/logo\/image\/\",\"url\":\"https:\/\/sjv-maurelfreres.com\/wp-content\/uploads\/2024\/10\/2-2.png\",\"contentUrl\":\"https:\/\/sjv-maurelfreres.com\/wp-content\/uploads\/2024\/10\/2-2.png\",\"width\":1350,\"height\":1080,\"caption\":\"SJV MAUREL FR\u00c8RES\"},\"image\":{\"@id\":\"https:\/\/sjv-maurelfreres.com\/en\/#\/schema\/logo\/image\/\"}}]}<\/script>\n<!-- \/ Yoast SEO plugin. -->","yoast_head_json":{"title":"Chiroubles Indig\u00e8ne Loire Chateau de Javernand","description":"Le Chiroubles Indig\u00e8ne est un vin de Loire du Domaine le Ch\u00e2teau de Javernand. Cette cuv\u00e9e, nature, d\u00e9veloppe une palette aromatique assez large.","robots":{"index":"index","follow":"follow","max-snippet":"max-snippet:-1","max-image-preview":"max-image-preview:large","max-video-preview":"max-video-preview:-1"},"canonical":"https:\/\/sjv-maurelfreres.com\/en\/produit\/chiroubles-indigene-loire\/","og_locale":"en_US","og_type":"article","og_title":"Chiroubles Indig\u00e8ne Loire Chateau de Javernand","og_description":"Le Chiroubles Indig\u00e8ne est un vin de Loire du Domaine le Ch\u00e2teau de Javernand. Cette cuv\u00e9e, nature, d\u00e9veloppe une palette aromatique assez large.","og_url":"https:\/\/sjv-maurelfreres.com\/en\/produit\/chiroubles-indigene-loire\/","og_site_name":"SJV MAUREL FR\u00c8RES","article_modified_time":"2025-10-31T10:33:47+00:00","og_image":[{"width":1080,"height":1080,"url":"https:\/\/sjv-maurelfreres.com\/wp-content\/uploads\/2025\/01\/chiroubles-indigene.png","type":"image\/png"}],"twitter_card":"summary_large_image","twitter_misc":{"Est. reading time":"1 minute"},"schema":{"@context":"https:\/\/schema.org","@graph":[{"@type":"WebPage","@id":"https:\/\/sjv-maurelfreres.com\/en\/produit\/chiroubles-indigene-loire\/","url":"https:\/\/sjv-maurelfreres.com\/en\/produit\/chiroubles-indigene-loire\/","name":"Chiroubles Indig\u00e8ne Loire Chateau de Javernand","isPartOf":{"@id":"https:\/\/sjv-maurelfreres.com\/en\/#website"},"primaryImageOfPage":{"@id":"https:\/\/sjv-maurelfreres.com\/en\/produit\/chiroubles-indigene-loire\/#primaryimage"},"image":{"@id":"https:\/\/sjv-maurelfreres.com\/en\/produit\/chiroubles-indigene-loire\/#primaryimage"},"thumbnailUrl":"https:\/\/sjv-maurelfreres.com\/wp-content\/uploads\/2025\/01\/chiroubles-indigene.png","datePublished":"2025-01-14T10:07:27+00:00","dateModified":"2025-10-31T10:33:47+00:00","description":"Le Chiroubles Indig\u00e8ne est un vin de Loire du Domaine le Ch\u00e2teau de Javernand. Cette cuv\u00e9e, nature, d\u00e9veloppe une palette aromatique assez large.","breadcrumb":{"@id":"https:\/\/sjv-maurelfreres.com\/en\/produit\/chiroubles-indigene-loire\/#breadcrumb"},"inLanguage":"en-US","potentialAction":[{"@type":"ReadAction","target":["https:\/\/sjv-maurelfreres.com\/en\/produit\/chiroubles-indigene-loire\/"]}]},{"@type":"ImageObject","inLanguage":"en-US","@id":"https:\/\/sjv-maurelfreres.com\/en\/produit\/chiroubles-indigene-loire\/#primaryimage","url":"https:\/\/sjv-maurelfreres.com\/wp-content\/uploads\/2025\/01\/chiroubles-indigene.png","contentUrl":"https:\/\/sjv-maurelfreres.com\/wp-content\/uploads\/2025\/01\/chiroubles-indigene.png","width":1080,"height":1080,"caption":"Chiroubles Indig\u00e8ne, Domaine le Ch\u00e2teau de Javernand"},{"@type":"BreadcrumbList","@id":"https:\/\/sjv-maurelfreres.com\/en\/produit\/chiroubles-indigene-loire\/#breadcrumb","itemListElement":[{"@type":"ListItem","position":1,"name":"Accueil","item":"https:\/\/sjv-maurelfreres.com\/en\/home\/"},{"@type":"ListItem","position":2,"name":"SHOP","item":"https:\/\/sjv-maurelfreres.com\/en\/shop\/"},{"@type":"ListItem","position":3,"name":"Chiroubles Indig\u00e8ne"}]},{"@type":"WebSite","@id":"https:\/\/sjv-maurelfreres.com\/en\/#website","url":"https:\/\/sjv-maurelfreres.com\/en\/","name":"SJV MAUREL FR\u00c8RES","description":"","publisher":{"@id":"https:\/\/sjv-maurelfreres.com\/en\/#organization"},"potentialAction":[{"@type":"SearchAction","target":{"@type":"EntryPoint","urlTemplate":"https:\/\/sjv-maurelfreres.com\/en\/?s={search_term_string}"},"query-input":{"@type":"PropertyValueSpecification","valueRequired":true,"valueName":"search_term_string"}}],"inLanguage":"en-US"},{"@type":"Organization","@id":"https:\/\/sjv-maurelfreres.com\/en\/#organization","name":"SJV MAUREL FR\u00c8RES","url":"https:\/\/sjv-maurelfreres.com\/en\/","logo":{"@type":"ImageObject","inLanguage":"en-US","@id":"https:\/\/sjv-maurelfreres.com\/en\/#\/schema\/logo\/image\/","url":"https:\/\/sjv-maurelfreres.com\/wp-content\/uploads\/2024\/10\/2-2.png","contentUrl":"https:\/\/sjv-maurelfreres.com\/wp-content\/uploads\/2024\/10\/2-2.png","width":1350,"height":1080,"caption":"SJV MAUREL FR\u00c8RES"},"image":{"@id":"https:\/\/sjv-maurelfreres.com\/en\/#\/schema\/logo\/image\/"}}]}},"_links":{"self":[{"href":"https:\/\/sjv-maurelfreres.com\/en\/wp-json\/wp\/v2\/product\/1375","targetHints":{"allow":["GET"]}}],"collection":[{"href":"https:\/\/sjv-maurelfreres.com\/en\/wp-json\/wp\/v2\/product"}],"about":[{"href":"https:\/\/sjv-maurelfreres.com\/en\/wp-json\/wp\/v2\/types\/product"}],"wp:featuredmedia":[{"embeddable":true,"href":"https:\/\/sjv-maurelfreres.com\/en\/wp-json\/wp\/v2\/media\/2139"}],"wp:attachment":[{"href":"https:\/\/sjv-maurelfreres.com\/en\/wp-json\/wp\/v2\/media?parent=1375"}],"wp:term":[{"taxonomy":"product_brand","embeddable":true,"href":"https:\/\/sjv-maurelfreres.com\/en\/wp-json\/wp\/v2\/product_brand?post=1375"},{"taxonomy":"product_cat","embeddable":true,"href":"https:\/\/sjv-maurelfreres.com\/en\/wp-json\/wp\/v2\/product_cat?post=1375"},{"taxonomy":"product_tag","embeddable":true,"href":"https:\/\/sjv-maurelfreres.com\/en\/wp-json\/wp\/v2\/product_tag?post=1375"}],"curies":[{"name":"wp","href":"https:\/\/api.w.org\/{rel}","templated":true}]}}