{"id":1232,"date":"2024-12-16T13:49:55","date_gmt":"2024-12-16T12:49:55","guid":{"rendered":"https:\/\/maurelfreres.com\/?post_type=product&#038;p=1232"},"modified":"2025-11-19T09:25:50","modified_gmt":"2025-11-19T08:25:50","slug":"hautes-cotes-de-nuits-vieilles-vignes","status":"publish","type":"product","link":"https:\/\/sjv-maurelfreres.com\/en\/produit\/hautes-cotes-de-nuits-vieilles-vignes\/","title":{"rendered":"Hautes C\u00f4tes de Nuits Vieilles Vignes Rouge"},"content":{"rendered":"<p>100% Pinot Noir<\/p>\n<p>Bourgogne, France<\/p>\n<p><strong>Information en +<\/strong> : Cette cuv\u00e9e \u201cVieilles Vignes\u201d du Domaine Manuel Olivier exprime toute la richesse et la personnalit\u00e9 du Pinot Noir cultiv\u00e9 en altitude dans les Hautes C\u00f4tes de Nuits. Elle se distingue par sa complexit\u00e9 aromatique et son caract\u00e8re structur\u00e9, offrant un vin g\u00e9n\u00e9reux et profond.<\/p>\n<p>75 cL<\/p>\n","protected":false},"excerpt":{"rendered":"<p>Domaine Manuel Olivier<\/p>\n<p>2022<\/p>\n<p>AOC Hautes C\u00f4tes de nuit<\/p>\n","protected":false},"featured_media":2149,"template":"","meta":{"_acf_changed":false,"site-sidebar-layout":"default","site-content-layout":"","ast-site-content-layout":"default","site-content-style":"default","site-sidebar-style":"default","ast-global-header-display":"","ast-banner-title-visibility":"","ast-main-header-display":"","ast-hfb-above-header-display":"","ast-hfb-below-header-display":"","ast-hfb-mobile-header-display":"","site-post-title":"","ast-breadcrumbs-content":"","ast-featured-img":"","footer-sml-layout":"","ast-disable-related-posts":"","theme-transparent-header-meta":"default","adv-header-id-meta":"","stick-header-meta":"","header-above-stick-meta":"","header-main-stick-meta":"","header-below-stick-meta":"","astra-migrate-meta-layouts":"set","ast-page-background-enabled":"default","ast-page-background-meta":{"desktop":{"background-color":"var(--ast-global-color-4)","background-image":"","background-repeat":"repeat","background-position":"center center","background-size":"auto","background-attachment":"scroll","background-type":"","background-media":"","overlay-type":"","overlay-color":"","overlay-opacity":"","overlay-gradient":""},"tablet":{"background-color":"","background-image":"","background-repeat":"repeat","background-position":"center center","background-size":"auto","background-attachment":"scroll","background-type":"","background-media":"","overlay-type":"","overlay-color":"","overlay-opacity":"","overlay-gradient":""},"mobile":{"background-color":"","background-image":"","background-repeat":"repeat","background-position":"center center","background-size":"auto","background-attachment":"scroll","background-type":"","background-media":"","overlay-type":"","overlay-color":"","overlay-opacity":"","overlay-gradient":""}},"ast-content-background-meta":{"desktop":{"background-color":"var(--ast-global-color-5)","background-image":"","background-repeat":"repeat","background-position":"center center","background-size":"auto","background-attachment":"scroll","background-type":"","background-media":"","overlay-type":"","overlay-color":"","overlay-opacity":"","overlay-gradient":""},"tablet":{"background-color":"var(--ast-global-color-5)","background-image":"","background-repeat":"repeat","background-position":"center center","background-size":"auto","background-attachment":"scroll","background-type":"","background-media":"","overlay-type":"","overlay-color":"","overlay-opacity":"","overlay-gradient":""},"mobile":{"background-color":"var(--ast-global-color-5)","background-image":"","background-repeat":"repeat","background-position":"center center","background-size":"auto","background-attachment":"scroll","background-type":"","background-media":"","overlay-type":"","overlay-color":"","overlay-opacity":"","overlay-gradient":""}}},"product_brand":[],"product_cat":[27,31,136,71,76],"product_tag":[],"class_list":{"0":"post-1232","1":"product","2":"type-product","3":"status-publish","4":"has-post-thumbnail","6":"product_cat-vins-maurel-freres","7":"product_cat-vins-rouge","8":"product_cat-vins-bourgogne","9":"product_cat-71","10":"product_cat-75-cl","11":"pa_poids-75-cl","12":"desktop-align-center","13":"tablet-align-left","14":"mobile-align-left","16":"first","17":"instock","18":"taxable","19":"shipping-taxable","20":"purchasable","21":"product-type-simple"},"acf":[],"yoast_head":"<!-- This site is optimized with the Yoast SEO plugin v27.0 - https:\/\/yoast.com\/product\/yoast-seo-wordpress\/ -->\n<title>Hautes C\u00f4tes de Nuits Vieilles Vignes<\/title>\n<meta name=\"description\" content=\"D\u00e9couvrez le &quot;Hautes C\u00f4tes de Nuits Vieilles Vignes&quot;, 100% pinot noir du domaine Manuel Olivier.\" \/>\n<meta name=\"robots\" content=\"index, follow, max-snippet:-1, max-image-preview:large, max-video-preview:-1\" \/>\n<link rel=\"canonical\" href=\"https:\/\/sjv-maurelfreres.com\/en\/produit\/hautes-cotes-de-nuits-vieilles-vignes\/\" \/>\n<meta property=\"og:locale\" content=\"en_US\" \/>\n<meta property=\"og:type\" content=\"article\" \/>\n<meta property=\"og:title\" content=\"Hautes C\u00f4tes de Nuits Vieilles Vignes\" \/>\n<meta property=\"og:description\" content=\"D\u00e9couvrez le &quot;Hautes C\u00f4tes de Nuits Vieilles Vignes&quot;, 100% pinot noir du domaine Manuel Olivier.\" \/>\n<meta property=\"og:url\" content=\"https:\/\/sjv-maurelfreres.com\/en\/produit\/hautes-cotes-de-nuits-vieilles-vignes\/\" \/>\n<meta property=\"og:site_name\" content=\"SJV MAUREL FR\u00c8RES\" \/>\n<meta property=\"article:modified_time\" content=\"2025-11-19T08:25:50+00:00\" \/>\n<meta property=\"og:image\" content=\"https:\/\/sjv-maurelfreres.com\/wp-content\/uploads\/2024\/12\/bourgogne-aligote-rouge.png\" \/>\n\t<meta property=\"og:image:width\" content=\"1080\" \/>\n\t<meta property=\"og:image:height\" content=\"1080\" \/>\n\t<meta property=\"og:image:type\" content=\"image\/png\" \/>\n<meta name=\"twitter:card\" content=\"summary_large_image\" \/>\n<meta name=\"twitter:label1\" content=\"Est. reading time\" \/>\n\t<meta name=\"twitter:data1\" content=\"1 minute\" \/>\n<script type=\"application\/ld+json\" class=\"yoast-schema-graph\">{\"@context\":\"https:\/\/schema.org\",\"@graph\":[{\"@type\":\"WebPage\",\"@id\":\"https:\/\/sjv-maurelfreres.com\/en\/produit\/hautes-cotes-de-nuits-vieilles-vignes\/\",\"url\":\"https:\/\/sjv-maurelfreres.com\/en\/produit\/hautes-cotes-de-nuits-vieilles-vignes\/\",\"name\":\"Hautes C\u00f4tes de Nuits Vieilles Vignes\",\"isPartOf\":{\"@id\":\"https:\/\/sjv-maurelfreres.com\/en\/#website\"},\"primaryImageOfPage\":{\"@id\":\"https:\/\/sjv-maurelfreres.com\/en\/produit\/hautes-cotes-de-nuits-vieilles-vignes\/#primaryimage\"},\"image\":{\"@id\":\"https:\/\/sjv-maurelfreres.com\/en\/produit\/hautes-cotes-de-nuits-vieilles-vignes\/#primaryimage\"},\"thumbnailUrl\":\"https:\/\/sjv-maurelfreres.com\/wp-content\/uploads\/2024\/12\/bourgogne-aligote-rouge.png\",\"datePublished\":\"2024-12-16T12:49:55+00:00\",\"dateModified\":\"2025-11-19T08:25:50+00:00\",\"description\":\"D\u00e9couvrez le \\\"Hautes C\u00f4tes de Nuits Vieilles Vignes\\\", 100% pinot noir du domaine Manuel Olivier.\",\"breadcrumb\":{\"@id\":\"https:\/\/sjv-maurelfreres.com\/en\/produit\/hautes-cotes-de-nuits-vieilles-vignes\/#breadcrumb\"},\"inLanguage\":\"en-US\",\"potentialAction\":[{\"@type\":\"ReadAction\",\"target\":[\"https:\/\/sjv-maurelfreres.com\/en\/produit\/hautes-cotes-de-nuits-vieilles-vignes\/\"]}]},{\"@type\":\"ImageObject\",\"inLanguage\":\"en-US\",\"@id\":\"https:\/\/sjv-maurelfreres.com\/en\/produit\/hautes-cotes-de-nuits-vieilles-vignes\/#primaryimage\",\"url\":\"https:\/\/sjv-maurelfreres.com\/wp-content\/uploads\/2024\/12\/bourgogne-aligote-rouge.png\",\"contentUrl\":\"https:\/\/sjv-maurelfreres.com\/wp-content\/uploads\/2024\/12\/bourgogne-aligote-rouge.png\",\"width\":1080,\"height\":1080,\"caption\":\"Hautes C\u00f4tes de Nuits Vieilles Vignes,\u00a0Domaine Manuel Olivier\"},{\"@type\":\"BreadcrumbList\",\"@id\":\"https:\/\/sjv-maurelfreres.com\/en\/produit\/hautes-cotes-de-nuits-vieilles-vignes\/#breadcrumb\",\"itemListElement\":[{\"@type\":\"ListItem\",\"position\":1,\"name\":\"Accueil\",\"item\":\"https:\/\/sjv-maurelfreres.com\/en\/home\/\"},{\"@type\":\"ListItem\",\"position\":2,\"name\":\"SHOP\",\"item\":\"https:\/\/sjv-maurelfreres.com\/en\/shop\/\"},{\"@type\":\"ListItem\",\"position\":3,\"name\":\"Hautes C\u00f4tes de Nuits Vieilles Vignes Rouge\"}]},{\"@type\":\"WebSite\",\"@id\":\"https:\/\/sjv-maurelfreres.com\/en\/#website\",\"url\":\"https:\/\/sjv-maurelfreres.com\/en\/\",\"name\":\"SJV MAUREL FR\u00c8RES\",\"description\":\"\",\"publisher\":{\"@id\":\"https:\/\/sjv-maurelfreres.com\/en\/#organization\"},\"potentialAction\":[{\"@type\":\"SearchAction\",\"target\":{\"@type\":\"EntryPoint\",\"urlTemplate\":\"https:\/\/sjv-maurelfreres.com\/en\/?s={search_term_string}\"},\"query-input\":{\"@type\":\"PropertyValueSpecification\",\"valueRequired\":true,\"valueName\":\"search_term_string\"}}],\"inLanguage\":\"en-US\"},{\"@type\":\"Organization\",\"@id\":\"https:\/\/sjv-maurelfreres.com\/en\/#organization\",\"name\":\"SJV MAUREL FR\u00c8RES\",\"url\":\"https:\/\/sjv-maurelfreres.com\/en\/\",\"logo\":{\"@type\":\"ImageObject\",\"inLanguage\":\"en-US\",\"@id\":\"https:\/\/sjv-maurelfreres.com\/en\/#\/schema\/logo\/image\/\",\"url\":\"https:\/\/sjv-maurelfreres.com\/wp-content\/uploads\/2024\/10\/2-2.png\",\"contentUrl\":\"https:\/\/sjv-maurelfreres.com\/wp-content\/uploads\/2024\/10\/2-2.png\",\"width\":1350,\"height\":1080,\"caption\":\"SJV MAUREL FR\u00c8RES\"},\"image\":{\"@id\":\"https:\/\/sjv-maurelfreres.com\/en\/#\/schema\/logo\/image\/\"}}]}<\/script>\n<!-- \/ Yoast SEO plugin. -->","yoast_head_json":{"title":"Hautes C\u00f4tes de Nuits Vieilles Vignes","description":"D\u00e9couvrez le \"Hautes C\u00f4tes de Nuits Vieilles Vignes\", 100% pinot noir du domaine Manuel Olivier.","robots":{"index":"index","follow":"follow","max-snippet":"max-snippet:-1","max-image-preview":"max-image-preview:large","max-video-preview":"max-video-preview:-1"},"canonical":"https:\/\/sjv-maurelfreres.com\/en\/produit\/hautes-cotes-de-nuits-vieilles-vignes\/","og_locale":"en_US","og_type":"article","og_title":"Hautes C\u00f4tes de Nuits Vieilles Vignes","og_description":"D\u00e9couvrez le \"Hautes C\u00f4tes de Nuits Vieilles Vignes\", 100% pinot noir du domaine Manuel Olivier.","og_url":"https:\/\/sjv-maurelfreres.com\/en\/produit\/hautes-cotes-de-nuits-vieilles-vignes\/","og_site_name":"SJV MAUREL FR\u00c8RES","article_modified_time":"2025-11-19T08:25:50+00:00","og_image":[{"width":1080,"height":1080,"url":"https:\/\/sjv-maurelfreres.com\/wp-content\/uploads\/2024\/12\/bourgogne-aligote-rouge.png","type":"image\/png"}],"twitter_card":"summary_large_image","twitter_misc":{"Est. reading time":"1 minute"},"schema":{"@context":"https:\/\/schema.org","@graph":[{"@type":"WebPage","@id":"https:\/\/sjv-maurelfreres.com\/en\/produit\/hautes-cotes-de-nuits-vieilles-vignes\/","url":"https:\/\/sjv-maurelfreres.com\/en\/produit\/hautes-cotes-de-nuits-vieilles-vignes\/","name":"Hautes C\u00f4tes de Nuits Vieilles Vignes","isPartOf":{"@id":"https:\/\/sjv-maurelfreres.com\/en\/#website"},"primaryImageOfPage":{"@id":"https:\/\/sjv-maurelfreres.com\/en\/produit\/hautes-cotes-de-nuits-vieilles-vignes\/#primaryimage"},"image":{"@id":"https:\/\/sjv-maurelfreres.com\/en\/produit\/hautes-cotes-de-nuits-vieilles-vignes\/#primaryimage"},"thumbnailUrl":"https:\/\/sjv-maurelfreres.com\/wp-content\/uploads\/2024\/12\/bourgogne-aligote-rouge.png","datePublished":"2024-12-16T12:49:55+00:00","dateModified":"2025-11-19T08:25:50+00:00","description":"D\u00e9couvrez le \"Hautes C\u00f4tes de Nuits Vieilles Vignes\", 100% pinot noir du domaine Manuel Olivier.","breadcrumb":{"@id":"https:\/\/sjv-maurelfreres.com\/en\/produit\/hautes-cotes-de-nuits-vieilles-vignes\/#breadcrumb"},"inLanguage":"en-US","potentialAction":[{"@type":"ReadAction","target":["https:\/\/sjv-maurelfreres.com\/en\/produit\/hautes-cotes-de-nuits-vieilles-vignes\/"]}]},{"@type":"ImageObject","inLanguage":"en-US","@id":"https:\/\/sjv-maurelfreres.com\/en\/produit\/hautes-cotes-de-nuits-vieilles-vignes\/#primaryimage","url":"https:\/\/sjv-maurelfreres.com\/wp-content\/uploads\/2024\/12\/bourgogne-aligote-rouge.png","contentUrl":"https:\/\/sjv-maurelfreres.com\/wp-content\/uploads\/2024\/12\/bourgogne-aligote-rouge.png","width":1080,"height":1080,"caption":"Hautes C\u00f4tes de Nuits Vieilles Vignes,\u00a0Domaine Manuel Olivier"},{"@type":"BreadcrumbList","@id":"https:\/\/sjv-maurelfreres.com\/en\/produit\/hautes-cotes-de-nuits-vieilles-vignes\/#breadcrumb","itemListElement":[{"@type":"ListItem","position":1,"name":"Accueil","item":"https:\/\/sjv-maurelfreres.com\/en\/home\/"},{"@type":"ListItem","position":2,"name":"SHOP","item":"https:\/\/sjv-maurelfreres.com\/en\/shop\/"},{"@type":"ListItem","position":3,"name":"Hautes C\u00f4tes de Nuits Vieilles Vignes Rouge"}]},{"@type":"WebSite","@id":"https:\/\/sjv-maurelfreres.com\/en\/#website","url":"https:\/\/sjv-maurelfreres.com\/en\/","name":"SJV MAUREL FR\u00c8RES","description":"","publisher":{"@id":"https:\/\/sjv-maurelfreres.com\/en\/#organization"},"potentialAction":[{"@type":"SearchAction","target":{"@type":"EntryPoint","urlTemplate":"https:\/\/sjv-maurelfreres.com\/en\/?s={search_term_string}"},"query-input":{"@type":"PropertyValueSpecification","valueRequired":true,"valueName":"search_term_string"}}],"inLanguage":"en-US"},{"@type":"Organization","@id":"https:\/\/sjv-maurelfreres.com\/en\/#organization","name":"SJV MAUREL FR\u00c8RES","url":"https:\/\/sjv-maurelfreres.com\/en\/","logo":{"@type":"ImageObject","inLanguage":"en-US","@id":"https:\/\/sjv-maurelfreres.com\/en\/#\/schema\/logo\/image\/","url":"https:\/\/sjv-maurelfreres.com\/wp-content\/uploads\/2024\/10\/2-2.png","contentUrl":"https:\/\/sjv-maurelfreres.com\/wp-content\/uploads\/2024\/10\/2-2.png","width":1350,"height":1080,"caption":"SJV MAUREL FR\u00c8RES"},"image":{"@id":"https:\/\/sjv-maurelfreres.com\/en\/#\/schema\/logo\/image\/"}}]}},"_links":{"self":[{"href":"https:\/\/sjv-maurelfreres.com\/en\/wp-json\/wp\/v2\/product\/1232","targetHints":{"allow":["GET"]}}],"collection":[{"href":"https:\/\/sjv-maurelfreres.com\/en\/wp-json\/wp\/v2\/product"}],"about":[{"href":"https:\/\/sjv-maurelfreres.com\/en\/wp-json\/wp\/v2\/types\/product"}],"wp:featuredmedia":[{"embeddable":true,"href":"https:\/\/sjv-maurelfreres.com\/en\/wp-json\/wp\/v2\/media\/2149"}],"wp:attachment":[{"href":"https:\/\/sjv-maurelfreres.com\/en\/wp-json\/wp\/v2\/media?parent=1232"}],"wp:term":[{"taxonomy":"product_brand","embeddable":true,"href":"https:\/\/sjv-maurelfreres.com\/en\/wp-json\/wp\/v2\/product_brand?post=1232"},{"taxonomy":"product_cat","embeddable":true,"href":"https:\/\/sjv-maurelfreres.com\/en\/wp-json\/wp\/v2\/product_cat?post=1232"},{"taxonomy":"product_tag","embeddable":true,"href":"https:\/\/sjv-maurelfreres.com\/en\/wp-json\/wp\/v2\/product_tag?post=1232"}],"curies":[{"name":"wp","href":"https:\/\/api.w.org\/{rel}","templated":true}]}}